{"id":11030,"date":"2020-05-28T11:31:47","date_gmt":"2020-05-28T10:31:47","guid":{"rendered":"https:\/\/www.andaluciansky.com\/conocenos\/"},"modified":"2022-01-10T17:22:02","modified_gmt":"2022-01-10T16:22:02","slug":"conocenos","status":"publish","type":"page","link":"https:\/\/www.andaluciansky.com\/es\/conocenos\/","title":{"rendered":"Con\u00f3cenos"},"content":{"rendered":"<div class=\"wpb-content-wrapper\"><p>[vc_row][vc_column][vc_empty_space height=\u00bb2.6em\u00bb alter_height=\u00bbnone\u00bb hide_on_mobile=\u00bb1,3&#8243;][vc_empty_space height=\u00bb3em\u00bb alter_height=\u00bbnone\u00bb hide_on_mobile=\u00bb\u00bb]<div id=\"sc_title_946816681\"\n\t\tclass=\"sc_title color_style_default sc_title_line_under_center\"><h1 class=\"sc_item_title sc_title_title sc_align_center sc_item_title_style_line_under_center sc_item_title_tag\">The Andalucian Sky Team<\/h1><\/div><!-- \/.sc_title -->[vc_empty_space height=\u00bb1.5em\u00bb alter_height=\u00bbnone\u00bb hide_on_mobile=\u00bb1,3&#8243;][\/vc_column][\/vc_row][vc_row][vc_column width=\u00bb1\/2&#8243; css=\u00bb.vc_custom_1498053308646{background-position: 0 0 !important;background-repeat: no-repeat !important;}\u00bb][vc_empty_space height=\u00bb2em\u00bb alter_height=\u00bbnone\u00bb hide_on_mobile=\u00bb\u00bb][vc_single_image image=\u00bb9085&#8243; img_size=\u00bb650 x 470&#8243;][\/vc_column][vc_column width=\u00bb1\/2&#8243;][vc_empty_space height=\u00bb2em\u00bb alter_height=\u00bbnone\u00bb hide_on_mobile=\u00bb\u00bb][vc_column_text css=\u00bb.vc_custom_1637765838277{margin-top: -0.7em !important;}\u00bb]Andalucian Sky re\u00fane la combinaci\u00f3n de un equipo especializado en alojamientos tur\u00edsticos. Con m\u00e1s de 20 a\u00f1os de experiencia en el mercado del alquiler tur\u00edstico y una combinaci\u00f3n de habilidades que cubren todos los aspectos del negocio, nuestro peque\u00f1o equipo est\u00e1 preparado para gestionar todas las necesidades de nuestros clientes.<\/p>\n<p>Al igual que muchas otras empresas de nuestro sector, la crisis global de Covid-19 nos ha presentado muchos desaf\u00edos y hemos tenido que equilibrar nuestros niveles de personal para garantizar que Andalucian Sky contin\u00fae brindando el servicio de calidad al que nuestros clientes est\u00e1n acostumbrados.<\/p>\n<p>Nuestro personal experimentado puede realizar m\u00faltiples tareas y est\u00e1 bien versado en las actividades diarias de la empresa, tanto en la oficina como fuera de ella en las ubicaciones de nuestras propiedades.<\/p>\n<p>Realizamos todo nuestro trabajo personalmente, de este modo podemos controlar los resultados al detalle y la calidad de los alojamientos ofertados. Esto incluye visitas a alojamientos, fotograf\u00edas, descripciones de propiedades y presentaci\u00f3n en nuestra web.<\/p>\n<p>Y despu\u00e9s de haber visitado todas las propiedades, as\u00ed como muchas de las atracciones tur\u00edsticas m\u00e1s populares en Andaluc\u00eda, vamos m\u00e1s all\u00e1 del simple alquiler de propiedades: podemos asesorarte sobre el mejor alojamiento que se adapte a tus necesidades, as\u00ed como opciones culturales y de ocio cercanas a tu alojamiento.[\/vc_column_text][\/vc_column][\/vc_row][vc_row][vc_column][vc_empty_space height=\u00bb2.6em\u00bb alter_height=\u00bbnone\u00bb hide_on_mobile=\u00bb1,3&#8243;][vc_empty_space height=\u00bb3em\u00bb alter_height=\u00bbnone\u00bb hide_on_mobile=\u00bb\u00bb]<div id=\"sc_title_427093754\"\n\t\tclass=\"sc_title color_style_default sc_title_line_under_center\"><h1 class=\"sc_item_title sc_title_title sc_align_center sc_item_title_style_line_under_center sc_item_title_tag\">Nuestra Empresa<\/h1><\/div><!-- \/.sc_title -->[vc_empty_space height=\u00bb1.5em\u00bb alter_height=\u00bbnone\u00bb hide_on_mobile=\u00bb1,3&#8243;][\/vc_column][\/vc_row][vc_row equal_height=\u00bbyes\u00bb][vc_column width=\u00bb1\/2&#8243;][vc_empty_space height=\u00bb2em\u00bb alter_height=\u00bbnone\u00bb hide_on_mobile=\u00bb\u00bb][vc_column_text css=\u00bb.vc_custom_1637766956873{margin-top: -0.7em !important;}\u00bb]Andalucian Sky se form\u00f3 a principios de 2019 para ofrecer un servicio especializado en alquiler de alojamientos vacacionales y atender a todos los hu\u00e9spedes que buscan un enfoque personal para cada una de sus necesidades.<\/p>\n<p>Para garantizar que cada propiedad cumple con los altos est\u00e1ndares que esperan nuestros hu\u00e9spedes, no s\u00f3lo visitamos cada propiedad personalmente, sino que tambi\u00e9n sometemos cada propiedad a una inspecci\u00f3n rigurosa. Al finalizar este proceso, podremos publicitar con precisi\u00f3n cada propiedad con un conjunto de fotograf\u00edas de alta calidad y una descripci\u00f3n detallada que cubra cada aspecto de la propiedad.<\/p>\n<p>Como empresa, nos gusta pensar que tambi\u00e9n estamos tecnol\u00f3gicamente motivados, y siempre estamos trabajando para encontrar nuevas formas de brindar a nuestros hu\u00e9spedes una mejor comprensi\u00f3n de las propiedades antes de reservar. Un ejemplo de esto es la adici\u00f3n de recorridos virtuales de 360\u00ba, algo que estamos implementando a medida que re-fotografiamos nuestras propiedades.[\/vc_column_text][\/vc_column][vc_column width=\u00bb1\/2&#8243; css=\u00bb.vc_custom_1498053308646{background-position: 0 0 !important;background-repeat: no-repeat !important;}\u00bb][vc_empty_space height=\u00bb2em\u00bb alter_height=\u00bbnone\u00bb hide_on_mobile=\u00bb\u00bb][vc_single_image image=\u00bb8661&#8243; img_size=\u00bb700 x 400&#8243;][\/vc_column][\/vc_row][vc_row][vc_column][vc_empty_space height=\u00bb2.6em\u00bb alter_height=\u00bbnone\u00bb hide_on_mobile=\u00bb1,3&#8243;][vc_empty_space height=\u00bb3em\u00bb alter_height=\u00bbnone\u00bb hide_on_mobile=\u00bb\u00bb]<div id=\"sc_title_1517832269\"\n\t\tclass=\"sc_title color_style_default sc_title_line_under_center\"><h1 class=\"sc_item_title sc_title_title sc_align_center sc_item_title_style_line_under_center sc_item_title_tag\">Nuestros Propietarios<\/h1><\/div><!-- \/.sc_title -->[vc_empty_space height=\u00bb1.5em\u00bb alter_height=\u00bbnone\u00bb hide_on_mobile=\u00bb1,3&#8243;][\/vc_column][\/vc_row][vc_row equal_height=\u00bbyes\u00bb][vc_column width=\u00bb1\/2&#8243; css=\u00bb.vc_custom_1498053308646{background-position: 0 0 !important;background-repeat: no-repeat !important;}\u00bb][vc_empty_space height=\u00bb2em\u00bb alter_height=\u00bbnone\u00bb hide_on_mobile=\u00bb\u00bb][vc_single_image image=\u00bb8662&#8243; img_size=\u00bb700 x 300&#8243;][\/vc_column][vc_column width=\u00bb1\/2&#8243;][vc_empty_space height=\u00bb2em\u00bb alter_height=\u00bbnone\u00bb hide_on_mobile=\u00bb\u00bb][vc_column_text css=\u00bb.vc_custom_1553413518435{margin-top: -0.7em !important;}\u00bb]Hemos trabajado con la mayor\u00eda de los propietarios de los alojamientos que encuentran en nuestra web durante muchos a\u00f1os, mucho antes incluso de que se formara Andalucian Sky. Estamos convencidos de que tener una excelente relaci\u00f3n con los propietarios hace que las cosas empiecen bien desde el principio.<\/p>\n<p>Visitamos a todos los propietarios y estamos en comunicaci\u00f3n regular con ellos durante todo el a\u00f1o. Conocer las propiedades personalmente y tener una buena comprensi\u00f3n de los sistemas de reserva de los propietarios significa que podemos asegurarnos de que los clientes reservan los alojamientos que mejor se les adec\u00faan y que no hay apenas margen para los errores a la hora de recomendar las propiedades.<\/p>\n<p>Nuestro objetivo es garantizar que encontramos la propiedad apropiada para nuestros hu\u00e9spedes y que nuestros propietarios reciban a los clientes adecuados para su propiedad. Nuestros propietarios abren sus incre\u00edbles casas y siempre es un placer, tanto para ellos como para nosotros, que los clientes aprecien sus hermosas casas y los fant\u00e1sticos lugares en los que se encuentran.[\/vc_column_text][\/vc_column][\/vc_row][vc_row][vc_column][vc_empty_space height=\u00bb2.6em\u00bb alter_height=\u00bbnone\u00bb hide_on_mobile=\u00bb1,3&#8243;][vc_empty_space height=\u00bb3em\u00bb alter_height=\u00bbnone\u00bb hide_on_mobile=\u00bb\u00bb]<div id=\"sc_title_1411984468\"\n\t\tclass=\"sc_title color_style_default sc_title_line_under_center\"><h1 class=\"sc_item_title sc_title_title sc_align_center sc_item_title_style_line_under_center sc_item_title_tag\">Nuestros Clientes<\/h1><\/div><!-- \/.sc_title -->[vc_empty_space height=\u00bb1.5em\u00bb alter_height=\u00bbnone\u00bb hide_on_mobile=\u00bb1,3&#8243;][\/vc_column][\/vc_row][vc_row equal_height=\u00bbyes\u00bb][vc_column width=\u00bb1\/2&#8243;][vc_empty_space height=\u00bb2em\u00bb alter_height=\u00bbnone\u00bb hide_on_mobile=\u00bb\u00bb][vc_column_text css=\u00bb.vc_custom_1553413543762{margin-top: -0.7em !important;}\u00bb]Nosotros y nuestros propietarios damos la bienvenida a clientes de todo el mundo y nos encanta presentarles Andaluc\u00eda, un \u00e1rea en la que vivimos y amamos &#8230;<\/p>\n<p>Con una selecci\u00f3n de villas peque\u00f1as y grandes, atendemos todo, desde parejas hasta familias numerosas, as\u00ed como eventos y bodas. Algunas propiedades se adaptar\u00e1n a familias j\u00f3venes con ni\u00f1os, mientras que otras se encuentran en situaciones m\u00e1s tranquilas y se adaptar\u00edan a quienes buscan una experiencia de \u00abalejarse de todo\u00bb.<\/p>\n<p>Adem\u00e1s de esto, podemos ayudar a nuestros hu\u00e9spedes con todo tipo de requisitos adicionales antes, durante y despu\u00e9s de sus vacaciones. Por ejemplo, comprar antes de la llegada, reservar transporte y tickets o simplemente consejos generales sobre lugares a los que ir y cosas que hacer.<\/p>\n<p>Usted, el cliente, es la prueba principal de nuestro \u00e9xito. Si ha tenido unas vacaciones memorables, y a\u00fan mejor, vuelve a reservar con nosotros nuevamente, har\u00e1 que nuestro trabajo consiga el objetivo deseado.[\/vc_column_text][\/vc_column][vc_column width=\u00bb1\/2&#8243; css=\u00bb.vc_custom_1498053308646{background-position: 0 0 !important;background-repeat: no-repeat !important;}\u00bb][vc_empty_space height=\u00bb2em\u00bb alter_height=\u00bbnone\u00bb hide_on_mobile=\u00bb\u00bb][vc_single_image image=\u00bb8798&#8243; img_size=\u00bb700 x 350&#8243;][\/vc_column][\/vc_row][vc_row][vc_column][vc_empty_space height=\u00bb2.6em\u00bb alter_height=\u00bbnone\u00bb hide_on_mobile=\u00bb1,3&#8243;][vc_empty_space height=\u00bb3em\u00bb alter_height=\u00bbnone\u00bb hide_on_mobile=\u00bb\u00bb][\/vc_column][\/vc_row][vc_row][vc_column]<div class=\"sc_layouts sc_layouts_default sc_layouts_11023\">[vc_row full_width=\"stretch_row_content_no_spaces\" equal_height=\"yes\" scheme=\"dark\"][vc_column width=\"1\/2\" icons_position=\"left\" css=\".vc_custom_1553093948213{background-color: #1e73be !important;}\"]<div id=\"sc_content_550095939\"\n\t\tclass=\"sc_content color_style_default sc_content_default sc_float_center sc_content_width_85p\"><div class=\"sc_content_container\">[vc_empty_space height=\"3em\" alter_height=\"none\" hide_on_mobile=\"\"][vc_empty_space height=\"2.2em\" alter_height=\"none\" hide_on_mobile=\"1,3\"]<div class=\"sc_layouts_item\"><div id=\"sc_title_729185536\"\n\t\tclass=\"sc_title color_style_default sc_title_line_under_right as_about_skills\"><h1 class=\"sc_item_title sc_title_title sc_align_right sc_item_title_style_line_under_right sc_item_title_tag\">Bringing you better holidays<\/h1><div class=\"sc_item_descr sc_title_descr sc_align_right\"><p>We are continually looking for new properties to offer you as well as ways in which we can improve our services across our property portfolio. We have new houses coming onto the website every week so please check back from time to time to see the new additions!<\/p>\n<\/div><\/div><!-- \/.sc_title --><\/div>[vc_empty_space height=\"1.55em\" alter_height=\"none\" hide_on_mobile=\"\"]<div class=\"sc_layouts_item\"><div id=\"sc_skills_231025705\"\n\t\tclass=\"sc_skills sc_skills_counter\"\n\t\t\t\tdata-type=\"counter\"\n\t\t><div class=\"sc_skills_columns sc_item_columns trx_addons_columns_wrap columns_padding_bottom\"><div class=\"sc_skills_column trx_addons_column-1_3\"><div class=\"sc_skills_item_wrap\"><div class=\"sc_skills_item\"><div class=\"sc_skills_icon icon-spin5\"><\/div><div class=\"sc_skills_total\" data-start=\"0\" data-stop=\"300\" data-step=\"30\" data-max=\"3000\" data-speed=\"16\" data-duration=\"160\" data-ed=\"\">0<\/div><\/div><div class=\"sc_skills_item_title\">Sunny days<\/div><\/div><\/div><div class=\"sc_skills_column trx_addons_column-1_3\"><div class=\"sc_skills_item_wrap\"><div class=\"sc_skills_item\"><div class=\"sc_skills_icon icon-home-2\"><\/div><div class=\"sc_skills_total\" data-start=\"0\" data-stop=\"102\" data-step=\"30\" data-max=\"3000\" data-speed=\"18\" data-duration=\"61\" data-ed=\"\">0<\/div><\/div><div class=\"sc_skills_item_title\">Active Properties<\/div><\/div><\/div><div class=\"sc_skills_column trx_addons_column-1_3\"><div class=\"sc_skills_item_wrap\"><div class=\"sc_skills_item\"><div class=\"sc_skills_icon icon-thumbs-up-light\"><\/div><div class=\"sc_skills_total\" data-start=\"0\" data-stop=\"100\" data-step=\"30\" data-max=\"3000\" data-speed=\"21\" data-duration=\"70\" data-ed=\"%\">0%<\/div><\/div><div class=\"sc_skills_item_title\">Efficiency<\/div><\/div><\/div><\/div><\/div><\/div>[vc_empty_space height=\"2em\" alter_height=\"none\" hide_on_mobile=\"\"][vc_empty_space height=\"1.7em\" alter_height=\"none\" hide_on_mobile=\"1,3\"]<\/div><\/div><!-- \/.sc_content -->[\/vc_column][vc_column width=\"1\/2\" icons_position=\"left\" css=\".vc_custom_1590653580942{background-image: url(https:\/\/www.andaluciansky.com\/wp-content\/uploads\/2017\/04\/About-Us-Reviews.jpg?id=4256) !important;background-position: center !important;background-repeat: no-repeat !important;background-size: cover !important;}\"][vc_empty_space height=\"3em\" alter_height=\"none\" hide_on_mobile=\"\"][vc_empty_space height=\"2.35em\" alter_height=\"none\" hide_on_mobile=\"1,3\"]<div id=\"sc_content_1621664410\"\n\t\tclass=\"sc_content color_style_default sc_content_default sc_float_center sc_content_width_85p\"><div class=\"sc_content_container\"><div class=\"sc_layouts_item\"><div class=\"sc_testimonials color_style_default sc_testimonials_default\"><div class=\"sc_testimonials_columns sc_item_columns trx_addons_columns_wrap columns_padding_bottom\"><div class=\"trx_addons_column-1_2\"><div class=\"sc_testimonials_item\">\n\t<div class=\"sc_testimonials_item_content\"><p>I started renting houses in Spain many years ago and have enjoyed working with the members of the Andalucian Sky team, some for almost 20 years. Eve is very professional and never too busy for a chat &#8211; it has been a pleasure to work with her and the rest of the team all this time.<\/p>\n<\/div>\n\t<div class=\"sc_testimonials_item_author\">\n\t\t\t\t<div class=\"sc_testimonials_item_author_data\">\n\t\t\t<h4 class=\"sc_testimonials_item_author_title\">Sheila (Ermita Nueva)<\/h4>\n\t\t\t<div class=\"sc_testimonials_item_author_subtitle\">Owner (PG17 &amp; PG18)<\/div>\n\t\t<\/div>\n\t<\/div>\n<\/div>\n<\/div><div class=\"trx_addons_column-1_2\"><div class=\"sc_testimonials_item\">\n\t<div class=\"sc_testimonials_item_content\"><p>You\u2019re simply the best!<br \/>\nHaving enjoyed such excellent teamwork over the past 10 years we\u2019re so happy to continue the experience within your new company.<\/p>\n<\/div>\n\t<div class=\"sc_testimonials_item_author\">\n\t\t\t\t<div class=\"sc_testimonials_item_author_data\">\n\t\t\t<h4 class=\"sc_testimonials_item_author_title\">Alice (Gaucin)<\/h4>\n\t\t\t<div class=\"sc_testimonials_item_author_subtitle\">Owner (RM45)<\/div>\n\t\t<\/div>\n\t<\/div>\n<\/div>\n<\/div><\/div><\/div><!-- \/.sc_testimonials --><\/div><\/div><\/div><!-- \/.sc_content -->[\/vc_column][\/vc_row]<\/div>[vc_empty_space alter_height=\u00bbsmall\u00bb hide_on_mobile=\u00bb\u00bb][\/vc_column][\/vc_row][vc_row full_width=\u00bbstretch_row_content_no_spaces\u00bb][vc_column]<div id=\"sc_googlemap_616614010_wrap\" class=\"sc_googlemap_wrap\"><div id=\"sc_googlemap_616614010\"\n\t\t\tclass=\"sc_googlemap sc_googlemap_default\"\n\t\t\t style=\"width:100%;height:365px;\"\t\t\tdata-zoom=\"15\"\n\t\t\tdata-style=\"greyscale\"\n\t\t\tdata-cluster-icon=\"\"\n\t\t\t><div id=\"sc_googlemap_616614010_1\" class=\"sc_googlemap_marker\"\n\t\t\t\t\t\tdata-latlng=\"\"\n\t\t\t\t\t\tdata-address=\"Calle Sierra Nevada 2, Orgiva, Spain\"\n\t\t\t\t\t\tdata-description=\"\"\n\t\t\t\t\t\tdata-title=\"\"\n\t\t\t\t\t\tdata-icon=\"\"\n\t\t\t\t\t\t><\/div><\/div><\/div><!-- \/.sc_googlemap_wrap -->[vc_empty_space alter_height=\u00bbsmall\u00bb hide_on_mobile=\u00bb\u00bb][\/vc_column][\/vc_row]<\/p>\n<\/div>","protected":false},"excerpt":{"rendered":"<p>[vc_row][vc_column][vc_empty_space height=\u00bb2.6em\u00bb alter_height=\u00bbnone\u00bb hide_on_mobile=\u00bb1,3&#8243;][vc_empty_space height=\u00bb3em\u00bb alter_height=\u00bbnone\u00bb hide_on_mobile=\u00bb\u00bb][vc_empty_space height=\u00bb1.5em\u00bb alter_height=\u00bbnone\u00bb hide_on_mobile=\u00bb1,3&#8243;][\/vc_column][\/vc_row][vc_row][vc_column width=\u00bb1\/2&#8243; css=\u00bb.vc_custom_1498053308646{background-position: 0 0 !important;background-repeat: no-repeat !important;}\u00bb][vc_empty_space height=\u00bb2em\u00bb alter_height=\u00bbnone\u00bb hide_on_mobile=\u00bb\u00bb][vc_single_image image=\u00bb9085&#8243; img_size=\u00bb650 x 470&#8243;][\/vc_column][vc_column width=\u00bb1\/2&#8243;][vc_empty_space height=\u00bb2em\u00bb alter_height=\u00bbnone\u00bb hide_on_mobile=\u00bb\u00bb][vc_column_text css=\u00bb.vc_custom_1637765838277{margin-top: -0.7em !important;}\u00bb]Andalucian Sky re\u00fane la combinaci\u00f3n de un equipo especializado en alojamientos tur\u00edsticos. Con m\u00e1s de 20 a\u00f1os de experiencia en&hellip;<\/p>\n","protected":false},"author":1,"featured_media":0,"parent":0,"menu_order":0,"comment_status":"closed","ping_status":"closed","template":"","meta":{"footnotes":""},"class_list":["post-11030","page","type-page","status-publish","hentry"],"_links":{"self":[{"href":"https:\/\/www.andaluciansky.com\/es\/wp-json\/wp\/v2\/pages\/11030","targetHints":{"allow":["GET"]}}],"collection":[{"href":"https:\/\/www.andaluciansky.com\/es\/wp-json\/wp\/v2\/pages"}],"about":[{"href":"https:\/\/www.andaluciansky.com\/es\/wp-json\/wp\/v2\/types\/page"}],"author":[{"embeddable":true,"href":"https:\/\/www.andaluciansky.com\/es\/wp-json\/wp\/v2\/users\/1"}],"replies":[{"embeddable":true,"href":"https:\/\/www.andaluciansky.com\/es\/wp-json\/wp\/v2\/comments?post=11030"}],"version-history":[{"count":0,"href":"https:\/\/www.andaluciansky.com\/es\/wp-json\/wp\/v2\/pages\/11030\/revisions"}],"wp:attachment":[{"href":"https:\/\/www.andaluciansky.com\/es\/wp-json\/wp\/v2\/media?parent=11030"}],"curies":[{"name":"wp","href":"https:\/\/api.w.org\/{rel}","templated":true}]}}