{"id":11042,"date":"2020-05-28T16:35:39","date_gmt":"2020-05-28T15:35:39","guid":{"rendered":"https:\/\/www.andaluciansky.com\/anuncia-tu-propiedad\/"},"modified":"2022-02-28T11:20:15","modified_gmt":"2022-02-28T10:20:15","slug":"anuncia-tu-propiedad","status":"publish","type":"page","link":"https:\/\/www.andaluciansky.com\/es\/anuncia-tu-propiedad\/","title":{"rendered":"Anuncia tu propiedad con nosotros"},"content":{"rendered":"<div class=\"wpb-content-wrapper\"><p>[vc_row full_width=\u00bbstretch_row\u00bb el_class=\u00bbas-region-shaded\u00bb][vc_column][vc_empty_space height=\u00bb3em\u00bb alter_height=\u00bbnone\u00bb hide_on_mobile=\u00bb\u00bb][vc_row_inner equal_height=\u00bbyes\u00bb gap=\u00bb15&#8243; css=\u00bb.vc_custom_1623766792266{margin-right: 0px !important;margin-left: 0px !important;}\u00bb][vc_column_inner width=\u00bb1\/3&#8243; css=\u00bb.vc_custom_1623766541834{border-top-width: 1px !important;border-right-width: 1px !important;border-bottom-width: 1px !important;border-left-width: 1px !important;background-color: #f0f0f0 !important;border-left-color: #00aeef !important;border-left-style: dashed !important;border-right-color: #00aeef !important;border-right-style: dashed !important;border-top-color: #00aeef !important;border-top-style: dashed !important;border-bottom-color: #00aeef !important;border-bottom-style: dashed !important;}\u00bb][vc_single_image image=\u00bb12783&#8243; img_size=\u00bbfull\u00bb alignment=\u00bbcenter\u00bb css=\u00bb.vc_custom_1637336572445{padding-top: 15px !important;}\u00bb][vc_empty_space hide_on_mobile=\u00bb\u00bb]<div id=\"sc_title_1915757941\"\n\t\tclass=\"sc_title color_style_default sc_title_line_under_center  vc_custom_1634219691104\"><h4 class=\"sc_item_title sc_title_title sc_align_center sc_item_title_style_line_under_center sc_item_title_tag\">Propiedades en Venta<\/h4><div class=\"sc_item_descr sc_title_descr sc_align_center\"><p>Ofrecemos un servicio de ventas integral atrayendo clientes exclusivos con t\u00e9cnicas de marketing y promoci\u00f3n de alta calidad.<\/p>\n<\/div><\/div><!-- \/.sc_title -->[\/vc_column_inner][vc_column_inner width=\u00bb1\/3&#8243; css=\u00bb.vc_custom_1623766551155{border-top-width: 1px !important;border-right-width: 1px !important;border-bottom-width: 1px !important;border-left-width: 1px !important;background-color: #f0f0f0 !important;border-left-color: #00aeef !important;border-left-style: dashed !important;border-right-color: #00aeef !important;border-right-style: dashed !important;border-top-color: #00aeef !important;border-top-style: dashed !important;border-bottom-color: #00aeef !important;border-bottom-style: dashed !important;}\u00bb][vc_single_image image=\u00bb12385&#8243; img_size=\u00bbfull\u00bb alignment=\u00bbcenter\u00bb css=\u00bb.vc_custom_1623844423755{padding-top: 15px !important;}\u00bb][vc_empty_space hide_on_mobile=\u00bb\u00bb]<div id=\"sc_title_1793066520\"\n\t\tclass=\"sc_title color_style_default sc_title_line_under_center  vc_custom_1645295551839\"><h4 class=\"sc_item_title sc_title_title sc_align_center sc_item_title_style_line_under_center sc_item_title_tag\">Fotograf\u00eda<\/h4><div class=\"sc_item_descr sc_title_descr sc_align_center\"><p>Incluimos un paquete completo de fotograf\u00edas profesionales y recorridos virtuales sin cargo si te anuncias con nosotros.<\/p>\n<\/div><\/div><!-- \/.sc_title -->[\/vc_column_inner][vc_column_inner width=\u00bb1\/3&#8243; css=\u00bb.vc_custom_1623766531743{border-top-width: 1px !important;border-right-width: 1px !important;border-bottom-width: 1px !important;border-left-width: 1px !important;background-color: #f0f0f0 !important;border-left-color: #00aeef !important;border-left-style: dashed !important;border-right-color: #00aeef !important;border-right-style: dashed !important;border-top-color: #00aeef !important;border-top-style: dashed !important;border-bottom-color: #00aeef !important;border-bottom-style: dashed !important;}\u00bb][vc_single_image image=\u00bb9145&#8243; img_size=\u00bbfull\u00bb alignment=\u00bbcenter\u00bb css=\u00bb.vc_custom_1639063207677{padding-top: 15px !important;}\u00bb][vc_empty_space hide_on_mobile=\u00bb\u00bb]<div id=\"sc_title_1672251351\"\n\t\tclass=\"sc_title color_style_default sc_title_line_under_center  vc_custom_1645295674125\"><h4 class=\"sc_item_title sc_title_title sc_align_center sc_item_title_style_line_under_center sc_item_title_tag\">Marketing<\/h4><div class=\"sc_item_descr sc_title_descr sc_align_center\"><p>Nos aseguramos de que su propiedad se comercialice a trav\u00e9s de una amplia gama de canales para generar un gran inter\u00e9s por parte de clientes de calidad.<\/p>\n<\/div><\/div><!-- \/.sc_title -->[\/vc_column_inner][\/vc_row_inner][vc_empty_space height=\u00bb1em\u00bb alter_height=\u00bbnone\u00bb hide_on_mobile=\u00bb\u00bb][\/vc_column][\/vc_row][vc_row el_class=\u00bbas_service_sub_header\u00bb][vc_column offset=\u00bbvc_col-md-offset-1 vc_col-md-10&#8243;][vc_column_text]<\/p>\n<blockquote><p>Siempre estamos interesados \u200b\u200ben trabajar con nuevas propiedades, por lo que si est\u00e1s pensando en materiales de marketing o est\u00e1 interesado en vender su casa situada en Andaluc\u00eda, nos encantar\u00eda que contactaras con nosotros.<br \/>\nPodemos ayudarlo a guiarlo a trav\u00e9s de los requisitos necesarios para prepararse para una sesi\u00f3n de fotos de alta calidad o para anunciar su propiedad en venta.<\/p><\/blockquote>\n<p>[\/vc_column_text][vc_empty_space height=\u00bb4em\u00bb alter_height=\u00bbnone\u00bb hide_on_mobile=\u00bb\u00bb][\/vc_column][\/vc_row][vc_row][vc_column]<div id=\"sc_title_1513246124\"\n\t\tclass=\"sc_title color_style_default sc_title_line_under_left\"><h1 class=\"sc_item_title sc_title_title sc_align_left sc_item_title_style_line_under_left sc_item_title_tag\">Paso 1- Detalles de la propiedad<\/h1><\/div><!-- \/.sc_title -->[vc_empty_space alter_height=\u00bbmedium\u00bb hide_on_mobile=\u00bb\u00bb][\/vc_column][\/vc_row][vc_row full_width=\u00bbstretch_row\u00bb][vc_column][vc_single_image image=\u00bb12594&#8243; img_size=\u00bb1200&#215;500&#8243;][vc_empty_space alter_height=\u00bbmedium\u00bb hide_on_mobile=\u00bb\u00bb][\/vc_column][\/vc_row][vc_row full_width=\u00bbstretch_row\u00bb][vc_column][vc_column_text]<\/p>\n<h6><strong>Propiedad a la venta &#8211; Lo que necesitamos para comenzar:<\/strong><\/h6>\n<p>Para vender tu propiedad con nosotros, tambi\u00e9n necesitaremos recopilar m\u00e1s informaci\u00f3n y asegurarnos de que todos los requisitos legales est\u00e9n en orden antes de ofrecerla en el sitio web..<\/p>\n<ul>\n<li>Para comenzar el proceso, necesitaremos establecer qu\u00e9 documentaci\u00f3n tiene actualmente y,si es necesario, podemos ayudarlo a acceder a cualquier otro documento que se requiera para su venta.<\/li>\n<li>Si ya est\u00e1 registrado con otro agente, un enlace al anuncio nos ayudar\u00eda a ver la propiedad y los detalles de venta. O simplemente algunas fotos actuales para darnos una idea del tipo de propiedad que ofrece.<\/li>\n<li>Una idea del tiempo que est\u00e1 considerando para la venta y si la propiedad est\u00e1 actualmente desocupada o si todav\u00eda vive en la propiedad.<\/li>\n<li>Si tiene compromisos actuales como inquilinos o reparaciones pendientes, etc.<\/li>\n<li>Una idea del precio que tiene pensado pedir por su propiedad (<strong>podemos asesorarte mediante un estudio de mercado si tienes dudas<\/strong>).<\/li>\n<\/ul>\n<p>[\/vc_column_text][\/vc_column][\/vc_row][vc_row][vc_column][vc_empty_space alter_height=\u00bbsmall\u00bb hide_on_mobile=\u00bb\u00bb][vc_separator][\/vc_column][\/vc_row][vc_row full_width=\u00bbstretch_row\u00bb][vc_column]<div id=\"sc_title_1819566917\"\n\t\tclass=\"sc_title color_style_default sc_title_line_under_left\"><h1 class=\"sc_item_title sc_title_title sc_align_left sc_item_title_style_line_under_left sc_item_title_tag\">Paso 2- Contacta con nosotros<\/h1><\/div><!-- \/.sc_title -->[vc_empty_space alter_height=\u00bbmedium\u00bb hide_on_mobile=\u00bb\u00bb][\/vc_column][\/vc_row][vc_row full_width=\u00bbstretch_row\u00bb][vc_column width=\u00bb1\/2&#8243;][vc_single_image image=\u00bb8796&#8243; img_size=\u00bb650&#215;470&#8243;][\/vc_column][vc_column width=\u00bb1\/2&#8243;][vc_column_text]Puedes contactar con nosotros por tel\u00e9fono durante el horario de atenci\u00f3n de la oficina o, si lo prefieres, por <strong> <a href=\"mailto:info@andaluciansky.com\">correo electr\u00f3nico<\/a>.<\/strong><\/p>\n<h6><strong>C\u00f3mo hacernos llegar la informaci\u00f3n:<\/strong><\/h6>\n<ul>\n<li>un \u00e1rea para compartir archivos del propietario (privada para cada propietario) y podemos enviarte un enlace \u00fanico para cargar im\u00e1genes y documentos.<\/li>\n<li>Puedes enviarnos <strong><a href=\"mailto:info@andaluciansky.com\">un correo electr\u00f3nico<\/a><\/strong> con una breve descripci\u00f3n de la propiedad y algunas fotos, y te llamaremos para aclarar las dudas que podamos tener. Por favor, incluye tu nombre y n\u00famero de tel\u00e9fono para que podamos ponernos en contacto contigo.<\/li>\n<li>Puedes enviarnos un enlace de tu propia web o archivos compartidos utilizando el <strong><a href=\"https:\/\/www.andaluciansky.com\/es\/contactanos\/\">formulario de contacto<\/a><\/strong> para que podamos echar un primer vistazo a tu propiedad.<\/li>\n<\/ul>\n<p><em>(Siempre trataremos de responder tu correo electr\u00f3nico dentro de 1 d\u00eda h\u00e1bil. Ocasionalmente, el correo electr\u00f3nico puede llegar a la carpeta de no deseado; por lo tanto, si no recibes noticias nuestras en un tiempo razonable, reenv\u00eda el correo electr\u00f3nico o ll\u00e1manos; nunca ignoramos a prop\u00f3sito ignorar los emails!)<\/em>[\/vc_column_text][\/vc_column][\/vc_row][vc_row][vc_column][vc_empty_space alter_height=\u00bbsmall\u00bb hide_on_mobile=\u00bb\u00bb][vc_separator][\/vc_column][\/vc_row][vc_row full_width=\u00bbstretch_row\u00bb][vc_column]<div id=\"sc_title_1586872583\"\n\t\tclass=\"sc_title color_style_default sc_title_line_under_left\"><h1 class=\"sc_item_title sc_title_title sc_align_left sc_item_title_style_line_under_left sc_item_title_tag\">Paso 3- Nos reunimos y visitamos su propiedad<\/h1><\/div><!-- \/.sc_title -->[vc_empty_space alter_height=\u00bbmedium\u00bb hide_on_mobile=\u00bb\u00bb][\/vc_column][\/vc_row][vc_row full_width=\u00bbstretch_row\u00bb][vc_column width=\u00bb1\/2&#8243;][vc_single_image image=\u00bb8766&#8243; img_size=\u00bb650&#215;450&#8243;][\/vc_column][vc_column width=\u00bb1\/2&#8243;][vc_column_text]En esta etapa, ya tendr\u00e1s una idea de c\u00f3mo trabajamos y habremos revisado las fotos \/ detalles de tu propiedad y ambos estaremos encantados de pasar a la siguiente fase.<\/p>\n<p>Visitamos todas las propiedades con las que trabajamos, por lo que acordaremos contigo una fecha adecuada para ambos y as\u00ed ver la propiedad y conocerte.<\/p>\n<p>Esta es una visita bastante informal realizada, al menos, por uno de nosotros. De este modo tendremos el mejor conocimiento posible de tu propiedad, para as\u00ed compartir todos los detalles e impresiones con clientes que desean comprar la propiedad. Durante esta visita, recopilamos informaci\u00f3n sobre la propiedad, los alrededores y el \u00e1rea local.[\/vc_column_text][\/vc_column][\/vc_row][vc_row][vc_column][vc_empty_space alter_height=\u00bbsmall\u00bb hide_on_mobile=\u00bb\u00bb][vc_separator][\/vc_column][\/vc_row][vc_row full_width=\u00bbstretch_row\u00bb][vc_column]<div id=\"sc_title_1452730837\"\n\t\tclass=\"sc_title color_style_default sc_title_line_under_left\"><h1 class=\"sc_item_title sc_title_title sc_align_left sc_item_title_style_line_under_left sc_item_title_tag\">Paso 4 - \u00daltimos detalles y reportaje fotogr\u00e1fico<\/h1><\/div><!-- \/.sc_title -->[vc_empty_space alter_height=\u00bbmedium\u00bb hide_on_mobile=\u00bb\u00bb][\/vc_column][\/vc_row][vc_row full_width=\u00bbstretch_row\u00bb][vc_column width=\u00bb1\/2&#8243;][vc_single_image image=\u00bb8764&#8243; img_size=\u00bb650&#215;450&#8243;][\/vc_column][vc_column width=\u00bb1\/2&#8243;][vc_column_text]Despu\u00e9s de nuestra visita, organizaremos la visita del fot\u00f3grafo a la propiedad para hacer nuestro propio reportaje profesional. El reportaje ser\u00e1 tanto del exterior como del interior de la casa. El tiempo requerido depender\u00e1 del tama\u00f1o de la propiedad e incluir\u00e1 algunos de los siguientes:<\/p>\n<ul>\n<li><strong>Set de fotograf\u00edas de alta calidad<\/strong>\u00a0&#8211; entre 30 y 40 fotograf\u00edas por propiedad<\/li>\n<li><strong>Video de alta calidad<\/strong> &#8211; v\u00eddeo tour de entre 2 y 6 minutos de duraci\u00f3n<\/li>\n<li><strong>Tour Virtual 360\u00b0<\/strong> &#8211; Entre 2 y 6 puntos dependiendo del tama\u00f1o de la propiedad<\/li>\n<li><strong>Sesi\u00f3n con Dron<\/strong> &#8211; Dependiendo de los requisitos y de los permisos locales.<\/li>\n<\/ul>\n<p>Tambi\u00e9n completaremos un formulario que nos ayudar\u00e1 a recopilar todos los detalles de la casa para que la descripci\u00f3n final sea completa y precisa.<br \/>\nNota sobre el reportaje fotogr\u00e1fico: El \u00e9xito de la p\u00e1gina de cada propiedad depende en gran medida del impacto visual de las fotograf\u00edas. Por esta raz\u00f3n, cuanto mejor est\u00e9 preparada la propiedad para la sesi\u00f3n de fotos, mejores ser\u00e1n los resultados de visitas y ventas. Podemos proporcionarte una \u00abhoja informativa\u00bb que to ayudar\u00e1 a preparar la propiedad antes de hacer las fotograf\u00edas.[\/vc_column_text][\/vc_column][\/vc_row][vc_row][vc_column][vc_empty_space alter_height=\u00bbsmall\u00bb hide_on_mobile=\u00bb\u00bb][vc_separator][\/vc_column][\/vc_row][vc_row full_width=\u00bbstretch_row\u00bb][vc_column]<div id=\"sc_title_198419238\"\n\t\tclass=\"sc_title color_style_default sc_title_line_under_left\"><h1 class=\"sc_item_title sc_title_title sc_align_left sc_item_title_style_line_under_left sc_item_title_tag\">Paso 5- Supervisi\u00f3n final y publicaci\u00f3n<\/h1><\/div><!-- \/.sc_title -->[vc_empty_space alter_height=\u00bbmedium\u00bb hide_on_mobile=\u00bb\u00bb][\/vc_column][\/vc_row][vc_row full_width=\u00bbstretch_row\u00bb][vc_column width=\u00bb1\/2&#8243;][vc_single_image image=\u00bb8797&#8243; img_size=\u00bb600&#215;400&#8243;][\/vc_column][vc_column width=\u00bb1\/2&#8243;][vc_empty_space alter_height=\u00bbmedium\u00bb hide_on_mobile=\u00bb\u00bb][vc_column_text]El paso final es la realizaci\u00f3n de una una p\u00e1gina web espec\u00edfica para tu propiedad. Esta p\u00e1gina incluyir\u00e1 lo siguiente:<\/p>\n<ul>\n<li>Una descripci\u00f3n completa de la propiedad.<\/li>\n<li>Un conjunto completo de fotograf\u00edas del interior y exterior de la propiedad (y, cuando corresponda, algunas fotograf\u00edas de los alrededores locales)<\/li>\n<li>Una lista clara de las comodidades de la propiedad.<\/li>\n<li>Un precio de venta acordado y si se considerar\u00e1n las ofertas.<\/li>\n<\/ul>\n<p>Te enviaremos un enlace de esta p\u00e1gina para que puedas revisar toda la informaci\u00f3n, y una vez que confirmes que todo est\u00e1 correcto, presionamos el bot\u00f3n \u00abpublicar\u00bb.[\/vc_column_text][\/vc_column][\/vc_row]<\/p>\n<\/div>","protected":false},"excerpt":{"rendered":"<p>[vc_row full_width=\u00bbstretch_row\u00bb el_class=\u00bbas-region-shaded\u00bb][vc_column][vc_empty_space height=\u00bb3em\u00bb alter_height=\u00bbnone\u00bb hide_on_mobile=\u00bb\u00bb][vc_row_inner equal_height=\u00bbyes\u00bb gap=\u00bb15&#8243; css=\u00bb.vc_custom_1623766792266{margin-right: 0px !important;margin-left: 0px !important;}\u00bb][vc_column_inner width=\u00bb1\/3&#8243; css=\u00bb.vc_custom_1623766541834{border-top-width: 1px !important;border-right-width: 1px !important;border-bottom-width: 1px !important;border-left-width: 1px !important;background-color: #f0f0f0 !important;border-left-color: #00aeef !important;border-left-style: dashed !important;border-right-color: #00aeef !important;border-right-style: dashed !important;border-top-color: #00aeef !important;border-top-style: dashed !important;border-bottom-color: #00aeef !important;border-bottom-style: dashed !important;}\u00bb][vc_single_image image=\u00bb12783&#8243; img_size=\u00bbfull\u00bb alignment=\u00bbcenter\u00bb css=\u00bb.vc_custom_1637336572445{padding-top: 15px !important;}\u00bb][vc_empty_space hide_on_mobile=\u00bb\u00bb][\/vc_column_inner][vc_column_inner width=\u00bb1\/3&#8243; css=\u00bb.vc_custom_1623766551155{border-top-width:&hellip;<\/p>\n","protected":false},"author":1,"featured_media":0,"parent":0,"menu_order":0,"comment_status":"closed","ping_status":"closed","template":"","meta":{"footnotes":""},"class_list":["post-11042","page","type-page","status-publish","hentry"],"_links":{"self":[{"href":"https:\/\/www.andaluciansky.com\/es\/wp-json\/wp\/v2\/pages\/11042","targetHints":{"allow":["GET"]}}],"collection":[{"href":"https:\/\/www.andaluciansky.com\/es\/wp-json\/wp\/v2\/pages"}],"about":[{"href":"https:\/\/www.andaluciansky.com\/es\/wp-json\/wp\/v2\/types\/page"}],"author":[{"embeddable":true,"href":"https:\/\/www.andaluciansky.com\/es\/wp-json\/wp\/v2\/users\/1"}],"replies":[{"embeddable":true,"href":"https:\/\/www.andaluciansky.com\/es\/wp-json\/wp\/v2\/comments?post=11042"}],"version-history":[{"count":0,"href":"https:\/\/www.andaluciansky.com\/es\/wp-json\/wp\/v2\/pages\/11042\/revisions"}],"wp:attachment":[{"href":"https:\/\/www.andaluciansky.com\/es\/wp-json\/wp\/v2\/media?parent=11042"}],"curies":[{"name":"wp","href":"https:\/\/api.w.org\/{rel}","templated":true}]}}