{"id":11054,"date":"2020-05-28T21:26:25","date_gmt":"2020-05-28T20:26:25","guid":{"rendered":"https:\/\/www.andaluciansky.com\/como-reservar\/"},"modified":"2022-02-20T20:37:31","modified_gmt":"2022-02-20T19:37:31","slug":"como-reservar","status":"publish","type":"page","link":"https:\/\/www.andaluciansky.com\/es\/como-reservar\/","title":{"rendered":"Como reservar"},"content":{"rendered":"<div class=\"wpb-content-wrapper\"><p>[vc_row][vc_column width=\u00bb5\/6&#8243;][vc_empty_space alter_height=\u00bbmedium\u00bb hide_on_mobile=\u00bb\u00bb][vc_column_text el_class=\u00bbas_general_hero_text\u00bb]Imagina la luz del sol, los vivos colores, la riqueza cultural y el estilo de vida relajado. Nos encantar\u00eda que experimentes todo lo que es Andaluc\u00eda. Aqu\u00ed te explicamos c\u00f3mo reservar &#8230;[\/vc_column_text][vc_empty_space alter_height=\u00bbmedium\u00bb hide_on_mobile=\u00bb\u00bb][\/vc_column][\/vc_row][vc_row][vc_column]<div id=\"sc_title_1626568767\"\n\t\tclass=\"sc_title color_style_default sc_title_line_under_left\"><h1 class=\"sc_item_title sc_title_title sc_align_left sc_item_title_style_line_under_left sc_item_title_tag\">Paso 1\/ Elige un alojamiento<\/h1><\/div><!-- \/.sc_title -->[vc_empty_space alter_height=\u00bbmedium\u00bb hide_on_mobile=\u00bb\u00bb][\/vc_column][\/vc_row][vc_row full_width=\u00bbstretch_row\u00bb][vc_column width=\u00bb1\/2&#8243;][vc_single_image image=\u00bb8967&#8243; img_size=\u00bb600&#215;600&#8243;][vc_empty_space alter_height=\u00bbsmall\u00bb hide_on_mobile=\u00bb\u00bb][\/vc_column][vc_column width=\u00bb1\/2&#8243;][vc_column_text]Echa un vistazo a nuestra web y busca por regi\u00f3n o navegando por todas nuestras bonitas casas. Cada una de ellas tiene su propia referencia. Una vez que hayas elegido las propiedades que te interesan, contacta con nosotros para verificar la disponibilidad m\u00e1s actualizada, solic\u00edtanos informaci\u00f3n m\u00e1s detallada y cualquier consulta espec\u00edfica que puedas tener sobre una propiedad en particular.<br \/>\nSi lo prefieres, puedes decirnos qu\u00e9 est\u00e1s buscando y estaremos encantados de hacerte algunas sugerencias.<\/p>\n<p>\u00bfAlg\u00fan requisito especial?<\/p>\n<p>Al elegir la propiedad para ti y tu familia, es importante que la propiedad satisfaga las necesidades de tu grupo lo m\u00e1ximo posible. Ay\u00fadanos a evitar cualquier confusi\u00f3n inform\u00e1ndonos de cualquier requisito o necesidad especial.<\/p>\n<p>\u00bfEs la privacidad una preocupaci\u00f3n importante?<br \/>\n\u00bfSon adecuadas las instalaciones para cocinar tanto dentro como fuera de la casa para un grupo grande?<br \/>\n\u00bfLa piscina tiene una zona poco profunda?<br \/>\n\u00bfHay sombra en el jard\u00edn?<br \/>\n\u00bfLe preocupa la seguridad de un ni\u00f1o peque\u00f1o?<br \/>\n\u00bfHay WiFi en la casa?<br \/>\n\u00bfHay alg\u00fan miembro del grupo con movilidad limitada?<br \/>\n\u00c9stas son solo algunas de las necesidades que nos vienen a la mente, pero cualquier otra pregunta que desee hacer, \u00a1por favor no dude en hacerla!<\/p>\n<p>Si lo prefieres, puedes hacer tu reserva por tel\u00e9fono llamando y hablando con un miembro de nuestro equipo de reservas.[\/vc_column_text][\/vc_column][\/vc_row][vc_row][vc_column][vc_empty_space alter_height=\u00bbsmall\u00bb hide_on_mobile=\u00bb\u00bb][vc_separator][\/vc_column][\/vc_row][vc_row full_width=\u00bbstretch_row\u00bb][vc_column]<div id=\"sc_title_456948580\"\n\t\tclass=\"sc_title color_style_default sc_title_line_under_left\"><h1 class=\"sc_item_title sc_title_title sc_align_left sc_item_title_style_line_under_left sc_item_title_tag\">Paso 2- Opci\u00f3 de Reserva<\/h1><\/div><!-- \/.sc_title -->[vc_empty_space alter_height=\u00bbmedium\u00bb hide_on_mobile=\u00bb\u00bb][\/vc_column][\/vc_row][vc_row full_width=\u00bbstretch_row\u00bb][vc_column width=\u00bb1\/2&#8243;][vc_single_image image=\u00bb8971&#8243; img_size=\u00bb600&#215;400&#8243;][vc_empty_space alter_height=\u00bbsmall\u00bb hide_on_mobile=\u00bb\u00bb][\/vc_column][vc_column width=\u00bb1\/2&#8243;][vc_empty_space alter_height=\u00bblarge\u00bb hide_on_mobile=\u00bb1&#8243;][vc_column_text]Una vez que confirmemos que la propiedad elegida est\u00e1 disponible durante tus fechas, te daremos una \u00abopci\u00f3n de reserva\u00bb provisional y te retendremos la propiedad durante 24 a 48 horas. Esta opci\u00f3n siempre se confirmar\u00e1 por correo electr\u00f3nico, durante este tiempo puede confirmar las fechas con su grupo, organizar vuelos, alquiler de coches o cualquier arreglo generale relativo al viaje.[\/vc_column_text][\/vc_column][\/vc_row][vc_row][vc_column][vc_empty_space alter_height=\u00bbsmall\u00bb hide_on_mobile=\u00bb\u00bb][vc_separator][\/vc_column][\/vc_row][vc_row full_width=\u00bbstretch_row\u00bb][vc_column]<div id=\"sc_title_1919293543\"\n\t\tclass=\"sc_title color_style_default sc_title_line_under_left\"><h1 class=\"sc_item_title sc_title_title sc_align_left sc_item_title_style_line_under_left sc_item_title_tag\">Paso 3- Confirmaci\u00f3n<\/h1><\/div><!-- \/.sc_title -->[vc_empty_space alter_height=\u00bbmedium\u00bb hide_on_mobile=\u00bb\u00bb][\/vc_column][\/vc_row][vc_row full_width=\u00bbstretch_row\u00bb][vc_column width=\u00bb1\/2&#8243;][vc_single_image image=\u00bb8970&#8243; img_size=\u00bb600&#215;400&#8243;][vc_empty_space alter_height=\u00bbsmall\u00bb hide_on_mobile=\u00bb\u00bb][\/vc_column][vc_column width=\u00bb1\/2&#8243;][vc_empty_space hide_on_mobile=\u00bb\u00bb][vc_column_text]Para confirmar tu reserva, deber\u00e1s pagar un dep\u00f3sito no reembolsable del 25% del precio del alquiler de la propiedad. Si la confirmaci\u00f3n de la reserva se realiza dentro de las 8 semanas previas al inicio de las vacaciones, se requiere el pago completo. El pago de la reserva se puede hacer por tel\u00e9fono con tarjeta de cr\u00e9dito o d\u00e9bito, o por transferencia bancaria.<br \/>\nEl precio que se muestra es para toda la propiedad durante una semana (u otra duraci\u00f3n si se especifica) y no es por persona.<br \/>\nAl recibir el dep\u00f3sito, te enviaremos por correo electr\u00f3nico, la confirmaci\u00f3n formal que muestra la cantidad pagada y el saldo restante adeudado.<\/p>\n<p>En el momento de la reserva, necesitaremos tu direcci\u00f3n postal completa, n\u00famero de tel\u00e9fono, n\u00famero y edades de las personas de su grupo y tu pasaporte \/ n\u00famero de identificaci\u00f3n. Estos datos los necesitamos para completar tu formulario de reserva.<\/p>\n<p>Cancelaciones<br \/>\nEn el desafortunado caso de que tengas que cancelar tus vacaciones, consulta nuestros T\u00e9rminos y condiciones, punto 2.[\/vc_column_text][\/vc_column][\/vc_row][vc_row][vc_column][vc_empty_space alter_height=\u00bbsmall\u00bb hide_on_mobile=\u00bb\u00bb][vc_separator][\/vc_column][\/vc_row][vc_row full_width=\u00bbstretch_row\u00bb][vc_column]<div id=\"sc_title_2108810939\"\n\t\tclass=\"sc_title color_style_default sc_title_line_under_left\"><h1 class=\"sc_item_title sc_title_title sc_align_left sc_item_title_style_line_under_left sc_item_title_tag\">Paso 4- Direcciones al alojamiento<\/h1><\/div><!-- \/.sc_title -->[vc_empty_space alter_height=\u00bbmedium\u00bb hide_on_mobile=\u00bb\u00bb][\/vc_column][\/vc_row][vc_row full_width=\u00bbstretch_row\u00bb][vc_column width=\u00bb1\/2&#8243;][vc_single_image image=\u00bb8969&#8243; img_size=\u00bb600&#215;400&#8243;][vc_empty_space alter_height=\u00bbsmall\u00bb hide_on_mobile=\u00bb\u00bb][\/vc_column][vc_column width=\u00bb1\/2&#8243;][vc_empty_space alter_height=\u00bblarge\u00bb hide_on_mobile=\u00bb1&#8243;][vc_column_text]Dos semanas antes de la fecha de llegada, te enviaremos mapas, direcciones y datos de contacto locales de tu destino de vacaciones y cualquier otra informaci\u00f3n relevante. Esta informaci\u00f3n la enviamos por correo electr\u00f3nico.[\/vc_column_text][\/vc_column][\/vc_row][vc_row][vc_column][vc_empty_space alter_height=\u00bbsmall\u00bb hide_on_mobile=\u00bb\u00bb][vc_separator][\/vc_column][\/vc_row][vc_row full_width=\u00bbstretch_row\u00bb][vc_column]<div id=\"sc_title_1751174580\"\n\t\tclass=\"sc_title color_style_default sc_title_line_under_left\"><h1 class=\"sc_item_title sc_title_title sc_align_left sc_item_title_style_line_under_left sc_item_title_tag\">Paso 5- Y finalmente... datos personales<\/h1><\/div><!-- \/.sc_title -->[vc_empty_space alter_height=\u00bbmedium\u00bb hide_on_mobile=\u00bb\u00bb][\/vc_column][\/vc_row][vc_row full_width=\u00bbstretch_row\u00bb][vc_column width=\u00bb1\/2&#8243;][vc_single_image image=\u00bb8968&#8243; img_size=\u00bb600&#215;400&#8243;][\/vc_column][vc_column width=\u00bb1\/2&#8243;][vc_empty_space alter_height=\u00bbmedium\u00bb hide_on_mobile=\u00bb\u00bb][vc_column_text]Por ley en Andaluc\u00eda, todos los hu\u00e9spedes mayores de 16 a\u00f1os deben completar y firmar un formulario que debe enviarse a la Guardia Civil dentro de las 24 horas de su llegada. Este formulario estar\u00e1 disponible en la propiedad y el propietario o administrador de la casa, se encargar\u00e1 de remitirlo. Tambi\u00e9n se le pedir\u00e1 una copia de su pasaporte\/documento de identificaci\u00f3n.<br \/>\n[\/vc_column_text][\/vc_column][\/vc_row]<\/p>\n<\/div>","protected":false},"excerpt":{"rendered":"<p>[vc_row][vc_column width=\u00bb5\/6&#8243;][vc_empty_space alter_height=\u00bbmedium\u00bb hide_on_mobile=\u00bb\u00bb][vc_column_text el_class=\u00bbas_general_hero_text\u00bb]Imagina la luz del sol, los vivos colores, la riqueza cultural y el estilo de vida relajado. Nos encantar\u00eda que experimentes todo lo que es Andaluc\u00eda. Aqu\u00ed te explicamos c\u00f3mo reservar &#8230;[\/vc_column_text][vc_empty_space alter_height=\u00bbmedium\u00bb hide_on_mobile=\u00bb\u00bb][\/vc_column][\/vc_row][vc_row][vc_column][vc_empty_space alter_height=\u00bbmedium\u00bb hide_on_mobile=\u00bb\u00bb][\/vc_column][\/vc_row][vc_row full_width=\u00bbstretch_row\u00bb][vc_column width=\u00bb1\/2&#8243;][vc_single_image image=\u00bb8967&#8243; img_size=\u00bb600&#215;600&#8243;][vc_empty_space alter_height=\u00bbsmall\u00bb hide_on_mobile=\u00bb\u00bb][\/vc_column][vc_column width=\u00bb1\/2&#8243;][vc_column_text]Echa un vistazo a&hellip;<\/p>\n","protected":false},"author":1,"featured_media":0,"parent":0,"menu_order":0,"comment_status":"closed","ping_status":"closed","template":"","meta":{"footnotes":""},"class_list":["post-11054","page","type-page","status-publish","hentry"],"_links":{"self":[{"href":"https:\/\/www.andaluciansky.com\/es\/wp-json\/wp\/v2\/pages\/11054","targetHints":{"allow":["GET"]}}],"collection":[{"href":"https:\/\/www.andaluciansky.com\/es\/wp-json\/wp\/v2\/pages"}],"about":[{"href":"https:\/\/www.andaluciansky.com\/es\/wp-json\/wp\/v2\/types\/page"}],"author":[{"embeddable":true,"href":"https:\/\/www.andaluciansky.com\/es\/wp-json\/wp\/v2\/users\/1"}],"replies":[{"embeddable":true,"href":"https:\/\/www.andaluciansky.com\/es\/wp-json\/wp\/v2\/comments?post=11054"}],"version-history":[{"count":0,"href":"https:\/\/www.andaluciansky.com\/es\/wp-json\/wp\/v2\/pages\/11054\/revisions"}],"wp:attachment":[{"href":"https:\/\/www.andaluciansky.com\/es\/wp-json\/wp\/v2\/media?parent=11054"}],"curies":[{"name":"wp","href":"https:\/\/api.w.org\/{rel}","templated":true}]}}