{"id":11088,"date":"2020-05-29T16:09:44","date_gmt":"2020-05-29T15:09:44","guid":{"rendered":"https:\/\/www.andaluciansky.com\/pf\/"},"modified":"2022-02-20T20:36:47","modified_gmt":"2022-02-20T19:36:47","slug":"preguntas-frecuentes","status":"publish","type":"page","link":"https:\/\/www.andaluciansky.com\/es\/preguntas-frecuentes\/","title":{"rendered":"Preguntas Frecuentes"},"content":{"rendered":"<div class=\"wpb-content-wrapper\"><p>[vc_row][vc_column]<div id=\"sc_title_377419076\"\n\t\tclass=\"sc_title color_style_default sc_title_line_under_left\"><h1 class=\"sc_item_title sc_title_title sc_align_left sc_item_title_style_line_under_left sc_item_title_tag\">\u00bfQu\u00e9 debo saber antes de reservar?<\/h1><\/div><!-- \/.sc_title --><div id=\"sc_content_1166359327\"\n\t\tclass=\"sc_content color_style_default sc_content_default sc_float_center\"><div class=\"sc_content_container\">[vc_column_text]Siempre hay muchas preguntas antes de organizar tus vacaciones. Hemos hecho todo lo posible para cubrir algunos de los aspectos m\u00e1s importantes y tener una buena idea de qu\u00e9 esperar. Pero si no encuentras la informaci\u00f3n que necesitas en la siguiente gu\u00eda, no hay problema, ll\u00e1manos e intentaremos responder cualquier pregunta de inmediato. Alternativamente, puedes contactarnos por correo electr\u00f3nico o mediante el formulario de contacto y nos pondremos en contacto contigo lo antes posible.[\/vc_column_text]<\/div><\/div><!-- \/.sc_content -->[vc_empty_space alter_height=\u00bbsmall\u00bb hide_on_mobile=\u00bb\u00bb][vc_single_image image=\u00bb7801&#8243; img_size=\u00bb800&#215;300&#8243; alignment=\u00bbcenter\u00bb style=\u00bbvc_box_outline\u00bb border_color=\u00bbblue\u00bb][vc_empty_space alter_height=\u00bbsmall\u00bb hide_on_mobile=\u00bb\u00bb][\/vc_column][\/vc_row][vc_row][vc_column width=\u00bb1\/2&#8243;][vc_tta_accordion shape=\u00bbsquare\u00bb c_icon=\u00bb\u00bb active_section=\u00bb\u00bb collapsible_all=\u00bbtrue\u00bb][vc_tta_section i_icon_fontawesome=\u00bbicon-checkbox\u00bb add_icon=\u00bbtrue\u00bb title=\u00bb \u00bfC\u00f3mo elegir la propiedad m\u00e1s adecuada para mi?\u00bb tab_id=\u00bbfaq-as-01&#8243;][vc_column_text]Nuestros alojamientos est\u00e1n ubicados por toda Andaluc\u00eda. Cada propiedad ha sido visitada personalmente por nosotros y as\u00ed asegurarnos de que cumplen con el alto est\u00e1ndar que queremos brindarte. Para encontrar la propiedad m\u00e1s adecuada seg\u00fan tus necesidades, puedes elegir por \u00e1rea, fechas de viaje, n\u00famero de habitaciones o n\u00famero de personas en su grupo, utilizando nuestros filtros.[\/vc_column_text][\/vc_tta_section][vc_tta_section i_icon_fontawesome=\u00bbfa fa-sun-o\u00bb add_icon=\u00bbtrue\u00bb title=\u00bb\u00bfC\u00f3mo el el tiempo en Andaluc\u00eda?\u00bb tab_id=\u00bbfaq-as-02&#8243;][vc_column_text css=\u00bb.vc_custom_1555259372889{padding-bottom: 20px !important;}\u00bb]Desafortunadamente, hay momentos en el a\u00f1o en el que nuestro clima es impredecible. Nos encantar\u00eda saber de antemano lo que va a suceder, pero como eso no es posible, consulte la siguiente gu\u00eda:[\/vc_column_text]<div class=\"cq-tabs \" style=\"width:100%\" data-tabsstyle=\"style1\" data-titlebg=\"\" data-titlecolor=\"\" data-titlehoverbg=\"\" data-titlehovercolor=\"\" data-rotatetabs=\"0\"><ul class=\"cq-tabmenu style1\" style=\"background-color:;border-bottom-color:;\"><li style=\"background-color:;\"><a href=\"#\" style=\"color:;\"><i class=\"cq-tab-icon fa fa-sun-o\"><\/i> Primavera<\/a><\/li><li style=\"background-color:;\"><a href=\"#\" style=\"color:;\"><i class=\"cq-tab-icon icon-summer\"><\/i> Verano<\/a><\/li><li style=\"background-color:;\"><a href=\"#\" style=\"color:;\"><i class=\"cq-tab-icon icon-cloud-light\"><\/i> Oto\u00f1o<\/a><\/li><li style=\"background-color:;\"><a href=\"#\" style=\"color:;\"><i class=\"cq-tab-icon icon-soundcloud\"><\/i> Invierno<\/a><\/li><\/ul><div class=\"cq-tabcontent style1\" style=\"background:;\"><div class=\"cq-tabitem\" style=\"color:;\">La primavera es una \u00e9poca preciosa y tranquila para visitar Andaluc\u00eda. A finales de la primavera, los d\u00edas son generalmente c\u00e1lidos, pero las noches a\u00fan pueden ser frescas. El campo est\u00e1 en su mejor momento, verde y colorido. Como es una \u00e9poca m\u00e1s tranquila para viajar, probablemente obtendr\u00e1 una experiencia m\u00e1s genuina de lo es la vida en Andaluc\u00eda.<\/div><div class=\"cq-tabitem\" style=\"color:;\">El comienzo del verano suele ser ideal, d\u00edas largos y buena temperatura. Julio y agosto traen el clima m\u00e1s c\u00e1lido. La temperatura media depende de donde elijas ir. En la costa y las monta\u00f1as m\u00e1s altas, la brisa mantiene las temperaturas soportables. Pero si decides ir al interior, puede hacer mucho calor. Sevilla es la ciudad m\u00e1s calurosa de Europa, seguida de cerca de C\u00f3rdoba y Granada&#8230; Son lugares sensacionales y hermosos para visitar, pero siempre es agradable volver al campo con sus temperaturas m\u00e1s frescas.<\/p>\n<p>Esta es la \u00e9poca m\u00e1s popular del a\u00f1o para las fiestas locales. Estos son acontecimientos de mucha alegr\u00eda y celebraci\u00f3n, una experiencia aut\u00e9ntica de la vida local. Pero ten en cuenta que pueden ser muy ruidosos, la m\u00fasica y la alegr\u00eda pueden durar toda la noche, as\u00ed que si has reservado con nosotros en \/ cerca de un pueblo y est\u00e1s buscando paz, consulta con nosotros con antelaci\u00f3n las fechas de la fiestas locales.<\/div><div class=\"cq-tabitem\" style=\"color:;\">Las vacaciones en oto\u00f1o son muy especiales. Por lo general, todav\u00eda el tiempo es soleado y c\u00e1lido durante el d\u00eda, siendo una continuaci\u00f3n agradable del verano, pero disfrutar\u00e1s de los \u00e1rboles rojos, naranjas y amarillos. Los cielos son de un azul m\u00e1s claro que en verano y en este momento, las uvas y las almendras est\u00e1n listas para ser cosechadas. Junto con los meses de primavera, el oto\u00f1o es un momento ideal para caminar y montar a caballo.<\/div><div class=\"cq-tabitem\" style=\"color:;\">Para aquellos que buscan una experiencia aut\u00e9ntica de la vida rural, el invierno es el mejor momento de todos. Puedes tener d\u00edas excepcionalmente secos y soleados o nevadas en las altas monta\u00f1as. Las puestas de sol son espectaculares. Una chimenea es imprescindible, as\u00ed que aseg\u00farate de que la propiedad que has elegido est\u00e9 debidamente equipada para vivir en invierno.<\/div><\/div><\/div>[\/vc_tta_section][vc_tta_section i_icon_fontawesome=\u00bbfa fa-eur\u00bb add_icon=\u00bbtrue\u00bb title=\u00bb\u00bfC\u00f3mo funcionan los precios?\u00bb tab_id=\u00bbfaq-as-03&#8243;][vc_column_text]Los precios indicados son para toda la propiedad. En algunos casos, puede haber un precio reducido para menos personas o uso de habitaciones. Estos precios se basan normalmente en el n\u00famero de habitaciones utilizadas. Las que no se usen, permamecer\u00e1n cerradas.<\/p>\n<p>Los precios est\u00e1n en euros, Andalucian Sky es una empresa de vacaciones espa\u00f1ola y realiza todos los cargos de los precios anunciados en euros. Tu banco convertir\u00e1 la cantidad en su moneda local a euros cuando pague con tarjeta. Andalucian Sky no cobra ninguna tarifa de conversi\u00f3n de moneda. Nuestros precios tambi\u00e9n incluyen el IVA. Si hay alg\u00fan coste adicional, por ejemplo, climatizaci\u00f3n de la piscina o le\u00f1a, estos se indican claramente en la p\u00e1gina de cada una de las propiedades.[\/vc_column_text][\/vc_tta_section][vc_tta_section i_icon_fontawesome=\u00bbicon-calendar-light\u00bb add_icon=\u00bbtrue\u00bb title=\u00bb \u00bfLos alquileres son exclusivamente de s\u00e1bado a s\u00e1bado?\u00bb tab_id=\u00bbfaq-as-04&#8243;][vc_column_text]La mayor\u00eda de los alquileres se realizan de s\u00e1bado a s\u00e1bado, especialmente durante la temporada de verano. Hay algunas excepciones que tienen como d\u00eda de cambio el viernes o domingo. Los propietarios suelen ser m\u00e1s flexibles en temporada media y baja, as\u00ed que preg\u00fantanos si deseas comenzar y finalizar tu reserva en un d\u00eda diferente.[\/vc_column_text][\/vc_tta_section][vc_tta_section i_icon_fontawesome=\u00bbicon-calendar\u00bb add_icon=\u00bbtrue\u00bb title=\u00bb \u00bfPuedo reservar una propiedad menos de siete d\u00edas?\u00bb tab_id=\u00bbfaq-as-05&#8243;][vc_column_text]Normalmente, las reservas en nuestras casas son de una o m\u00e1s semanas completas de duraci\u00f3n, pero en temporada baja y media es posible reservar un m\u00ednimo de cuatro noches, pero tendremos que acordar esto previamente con el propietario.[\/vc_column_text][\/vc_tta_section][vc_tta_section i_icon_fontawesome=\u00bbicon-book-open\u00bb add_icon=\u00bbtrue\u00bb title=\u00bb \u00bfC\u00f3mo reservo mis vacaciones?\u00bb tab_id=\u00bbfaq-as-06&#8243;][vc_column_text]Esto se explica en nuestra p\u00e1gina \u2018<a href=\"\/es\/como-reservar\/\">C\u00f3mo reservar<\/a>\u2019.[\/vc_column_text][\/vc_tta_section][vc_tta_section i_icon_fontawesome=\u00bbfa fa-plane\u00bb add_icon=\u00bbtrue\u00bb title=\u00bb \u00bfAndalucian Sky organiza alquiler de coches, vuelos o traslados?\u00bb tab_id=\u00bbfaq-as-07&#8243;][vc_column_text]Andalucian Sky es una empresa especializada en el alquiler de propiedades de uso vacacional. Es m\u00e1s f\u00e1cil y probablemente m\u00e1s barato para ti organizar los vuelos y alquiler de coches directamente con el proveedor. Por lo general, podemos ayudarte a organizar traslados al aeropuerto, pero preg\u00fantanos con antelaci\u00f3n.[\/vc_column_text][\/vc_tta_section][vc_tta_section i_icon_fontawesome=\u00bbfa fa-file-text-o\u00bb add_icon=\u00bbtrue\u00bb title=\u00bb \u00bfNecesito contratar un seguro de viaje?\u00bb tab_id=\u00bbfaq-as-08&#8243;][vc_column_text]Recomendamos firmemente que todos los miembros de tu grupo est\u00e9n cubiertos por un seguro de viaje adecuado. Adem\u00e1s de la protecci\u00f3n personal que brinda, tu seguro tambi\u00e9n debe cubrir el dinero que nos ha pagado en el desafortunado caso de que tenga que cancelar sus vacaciones debido a problemas de salud u otras circunstancias.<\/p>\n<p>En caso de que haya un problema irresoluble con la propiedad que haya reservado, Andalucian Sky har\u00e1 todo lo posible por encontrarle un alojamiento alternativo de igual valor o le reembolsar\u00e1 el importe total pagado por el alojamiento. Deber\u00e1 asegurarse de que su seguro de viaje cubra todos los costes asociados, adem\u00e1s del alojamiento reservado.<\/p>\n<p>Su reserva de alojamiento con nosotros no incluye seguro de viaje.[\/vc_column_text][\/vc_tta_section][vc_tta_section i_icon_fontawesome=\u00bbfa fa-map-marker\u00bb add_icon=\u00bbtrue\u00bb title=\u00bb\u00bfC\u00f3mo llego a la propiedad?\u00bb tab_id=\u00bbfaq-as-09&#8243;][vc_column_text]Dos semanas antes de tus vacaciones, te enviaremos instrucciones detalladas sobre c\u00f3mo llegar a la propiedad reservada. Al mismo tiempo, se enviar\u00e1n los datos de contacto del administrador o propietario de la casa que ha reservado. Necesitaremos un n\u00famero de tel\u00e9fono m\u00f3vil para proporcion\u00e1rselo a la persona que te va a recibir. Si por alguna raz\u00f3n no consigues comunicarte con esta persona, llama al n\u00famero de emergencia que te daremos en el correo electr\u00f3nico de instrucciones de c\u00f3mo llegar.[\/vc_column_text][\/vc_tta_section][\/vc_tta_accordion][\/vc_column][vc_column width=\u00bb1\/2&#8243;][vc_tta_accordion shape=\u00bbsquare\u00bb c_icon=\u00bb\u00bb active_section=\u00bb\u00bb collapsible_all=\u00bbtrue\u00bb][vc_tta_section i_icon_fontawesome=\u00bbicon-clock-empty\u00bb add_icon=\u00bbtrue\u00bb title=\u00bb\u00bfCu\u00e1les son las horas de llegada y salida?\u00bb tab_id=\u00bbfaq-as-10&#8243;][vc_column_text]Generalmente, si hay clientes que dejan la casa el mismo d\u00eda en el que t\u00fa entras y, para dejar el tiempo necesario para limpiar la casa y exteriores, la entrada a la propiedad no ser\u00e1 antes de las 17h. La hora m\u00e1s tard\u00eda para llegar ser\u00e1n las 22h, a menos que se haya acordado otra cosa con el propietario\/administrador de antemano. Una llegada m\u00e1s tard\u00eda de las 22h puede incurrir en un cargo adicional.<\/p>\n<p>Si su llegada es anterior a las 17h y la casa est\u00e1 a\u00fan siendo preparada, en algunas ocaciones es posible dejar el equipaje en la casa. Esto tambi\u00e9n se acordar\u00e1 de antemano.<\/p>\n<p>La hora de salida es la misma para todas las casas: 10.00 lo m\u00e1s tarde. Si la propiedad no est\u00e1 reservada inmediatamente antes o despu\u00e9s de su estancia, la hora de llegada \/ salida puede ser flexible.[\/vc_column_text][\/vc_tta_section][vc_tta_section i_icon_fontawesome=\u00bbfa fa-road\u00bb add_icon=\u00bbtrue\u00bb title=\u00bb \u00bfC\u00f3mo es el acceso a la propiedad que he reservado?\u00bb tab_id=\u00bbfaq-as-11&#8243;][vc_column_text]Muchas de las propiedades que ofrecemos est\u00e1n ubicadas en zonas rurales de Andaluc\u00eda y, como tales, el acceso a las mismas suele ser por pistas. La mayor\u00eda de estas pistas est\u00e1n bien mantenidas, pero algunas pueden verse afectadas ocasionalmente si ha habido fuertes lluvias recientemente. Algunas veces pueden ser empinadas y en algunos casos no hay ninguna protecci\u00f3n en alguno de los bordes. Si esto te preocupa o supone un problema, solic\u00edtanos m\u00e1s detalles. Si se requiere un veh\u00edculo 4 \u00d7 4, se indicar\u00e1 en la descripci\u00f3n de la propiedad.[\/vc_column_text][\/vc_tta_section][vc_tta_section i_icon_fontawesome=\u00bbicon-parking\u00bb add_icon=\u00bbtrue\u00bb title=\u00bb\u00bfD\u00f3nde puedo aparcar?\u00bb tab_id=\u00bbfaq-as-12&#8243;][vc_column_text]El aparcamiento no suele ser un problema en el campo o en pueblos peque\u00f1os. Si la propiedad que has reservado se encuentra en un peque\u00f1o pueblo, puedes aparcar en un cualquier zona acondicionada para parking o simplemente en la calle, siempre sujeto a disponibilidad. El estacionamiento es normalmente gratuito en la mayor\u00eda de los pueblos.<\/p>\n<p>Generalmente, nuestras propiedades ubicadas en el campo tienen un lugar donde poder aparcar, ya sea junto a la casa o cerca.<\/p>\n<p>En las ciudades, el estacionamiento es m\u00e1s problem\u00e1tico, aunque generalmente puede encontrar aparcamientos subterr\u00e1neos.<\/p>\n<p>Te recomendamos encarecidamente que no dejes nada a la vista dentro de el autom\u00f3vil.[\/vc_column_text][\/vc_tta_section][vc_tta_section i_icon_fontawesome=\u00bbfa fa-users\u00bb add_icon=\u00bbtrue\u00bb title=\u00bb \u00bfCu\u00e1ntas personas pueden alojarse en la propiedad?\u00bb tab_id=\u00bbfaq-as-13&#8243;][vc_column_text]La capacidad m\u00e1xima de cada propiedad se indica en la descripci\u00f3n y es una condici\u00f3n que debe respetarse siempre. Algunas propiedades tienen precios diferentes dependiendo de la cantidad de personas y el n\u00famero de habitaciones utilizadas, por lo que si desea aumentar el tama\u00f1o de su grupo, puede afectar al precio de la propiedad y se le puede cobrar un cargo adicional.[\/vc_column_text][\/vc_tta_section][vc_tta_section i_icon_fontawesome=\u00bbicon-tv-light\u00bb add_icon=\u00bbtrue\u00bb title=\u00bb \u00bfQu\u00e9 facilidades ofrecen las propiedades?\u00bb tab_id=\u00bbfaq-as-14&#8243;][vc_column_text]Las instalaciones disponibles en cada propiedad se detallan en la descripci\u00f3n de la propiedad. A continuaci\u00f3n se detallan algunas de las generales:<\/p>\n<p>Gas, electricidad y agua. Un uso razonable de gas, electricidad y agua generalmente se incluye en el precio del alquiler. S\u00f3lo unas pocas propiedades pueden cobrar la electricidad aparte, en estos casos, se indica claramente en la descripci\u00f3n.<\/p>\n<p>Cuando las propiedades ofrecen aire acondicionado, calefacci\u00f3n o climatizaci\u00f3n de la piscina, probablemente habr\u00e1 un cargo adicional. Esto se especifica en la p\u00e1gina de cada una de las propiedades.<\/p>\n<p>Por favor, vea m\u00e1s detalles a continuaci\u00f3n:[\/vc_column_text][vc_toggle title=\u00bbRopa de cama y toallas\u00bb custom_font_container=\u00bbtag:h6|font_size:1em|text_align:left|color:%231e73be\u00bb custom_use_theme_fonts=\u00bbyes\u00bb use_custom_heading=\u00bbtrue\u00bb]La ropa de cama y toallas se proporcionan. Si no se suministran toallas de piscina o playa, se especifica en la p\u00e1gina de la propiedad. Si este es el caso, deber\u00e1 traer las suyas.<\/p>\n<p>Cunas y tronas pueden ser proporcionadas en casi todas las propiedades, normalmente de forma gratuita. La ropa de cuna generalmente no se suministra.[\/vc_toggle][vc_toggle title=\u00bbTelevisi\u00f3n\u00bb custom_font_container=\u00bbtag:h6|font_size:1em|text_align:left|color:%231e73be\u00bb custom_use_theme_fonts=\u00bbyes\u00bb use_custom_heading=\u00bbtrue\u00bb]La mayor\u00eda de las propiedades tienen al menos un televisor. A menos que indiquemos lo contrario, los canales disponibles estar\u00e1n en espa\u00f1ol, aunque el servicio de televisi\u00f3n digitalizada puede permitir cambiar el idioma de algunas pel\u00edculas y programas a ingl\u00e9s. Si se proporciona televisi\u00f3n por cable o sat\u00e9lite, algunos canales estar\u00e1n en ingl\u00e9s y en otros idiomas.[\/vc_toggle][vc_toggle title=\u00bbInternet\/Wifi\u00bb custom_font_container=\u00bbtag:h6|font_size:1em|text_align:left|color:%231e73be\u00bb custom_use_theme_fonts=\u00bbyes\u00bb use_custom_heading=\u00bbtrue\u00bb]La mayor\u00eda de las propiedades ofrecen internet. Ten en cuenta que como muchas propiedades se encuentran en ubicaciones rurales, no podemos garantizar la velocidad de la conexi\u00f3n, esta depende de la compa\u00f1\u00eda suministradora.<\/p>\n<p>Solo unas pocas propiedades, debido a su ubicaci\u00f3n, no pueden ofrecer este servicio. Si eliges una de estas propiedades, no dudes en consultarnos y te haremos saber el lugar p\u00fablico m\u00e1s cercano donde puedas conectarte.[\/vc_toggle][vc_toggle title=\u00bbLe\u00f1a\u00bb custom_font_container=\u00bbtag:h6|font_size:1em|text_align:left|color:%231e73be\u00bb custom_use_theme_fonts=\u00bbyes\u00bb use_custom_heading=\u00bbtrue\u00bb]Esto generalmente no est\u00e1 incluido en el precio de el alquiler. El gerente de la casa te aconsejar\u00e1 d\u00f3nde puedes comprarla.[\/vc_toggle][vc_toggle title=\u00bbBarbacoas\u00bb custom_font_container=\u00bbtag:h6|font_size:1em|text_align:left|color:%231e73be\u00bb custom_use_theme_fonts=\u00bbyes\u00bb use_custom_heading=\u00bbtrue\u00bb]La mayor\u00eda de las propiedades tienen una barbacoa, pero ten en cuenta que durante los meses de m\u00e1s calor (normalmente de mayo a septiembre) las barbacoas est\u00e1n prohibidas por ley debido al alto riesgo de incendio. Algunas propiedades proporcionan barbacoas de gas \/ placas el\u00e9ctricas en su lugar.[\/vc_toggle][\/vc_tta_section][vc_tta_section i_icon_fontawesome=\u00bbicon-trash-light\u00bb add_icon=\u00bbtrue\u00bb title=\u00bbBasura y reciclaje\u00bb tab_id=\u00bbfaq-as-15&#8243;][vc_column_text]En las zonas rurales de Andaluc\u00eda, no hay servicio de recogida de basura. Usted debe depositar los desperdicios en las \u00e1reas indicadas para este prop\u00f3sito. Estas \u00e1reas pueden estar cerca de la propiedad o en el pueblo local. Verifique este punto con el administrador de la casa. La basura deber\u00e1 tirarla antes de terminar sus vacaciones, si no lo hace, esto podr\u00eda incurrir en un cargo adicional.[\/vc_column_text][\/vc_tta_section][vc_tta_section i_icon_fontawesome=\u00bbfa fa-lock\u00bb add_icon=\u00bbtrue\u00bb title=\u00bb\u00bfPara qu\u00e9 sirve el dep\u00f3sito de seguridad?\u00bb tab_id=\u00bbfaq-as-16&#8243;][vc_column_text]Nuestros alojamientos requieren un dep\u00f3sito de seguridad. La cantidad del mismo se muestra claramente en la descripci\u00f3n de la propiedad. Al confirmar una reserva, nos autoriza a cargar en su tarjeta de cr\u00e9dito la cantidad correspondiente a este dep\u00f3sito de seguridad en caso de rotura o da\u00f1o causado. En algunas propiedades, el dep\u00f3sito de seguridad se paga en efectivo a la llegada y se reembolsa al final de sus vacaciones, siempre que no haya da\u00f1os ni pagos pendientes.[\/vc_column_text][\/vc_tta_section][vc_tta_section i_icon_fontawesome=\u00bbfa fa-paw\u00bb add_icon=\u00bbtrue\u00bb title=\u00bb\u00bfPuedo llevar mi mascota?\u00bb tab_id=\u00bbfaq-as-17&#8243;][vc_column_text]Generalmente no se permiten mascotas, pero consulte con nosotros por si el propietario podr\u00eda ser flexible. Algunas propiedades s\u00ed las pueden aceptar, pero \u00fanicamente previa petici\u00f3n y acuerdo con el propietario. En algunos casos, esto puede incurrir en un cargo adicional de limpieza.[\/vc_column_text][\/vc_tta_section][vc_tta_section i_icon_fontawesome=\u00bbfa fa-leaf\u00bb add_icon=\u00bbtrue\u00bb title=\u00bbNota sobre la vida rural\u00bb tab_id=\u00bbfaq-as-18&#8243;][vc_column_text]Como la mayor\u00eda de nuestras propiedades se encuentran en entornos rurales, si tiene alguna alergia o fobia, debe asegurarse de consultarnos antes de reservar.<\/p>\n<p>Andaluc\u00eda, afortunadamente, todav\u00eda tiene muchas granjas en funcionamiento y estas a menudo albergan burros, cabras, perros, gatos, gallinas y todos los sonidos relacionados. Si le preocupan los ruidos de los animales, consulte con nosotros antes de reservar y le daremos una idea clara de qu\u00e9 esperar.[\/vc_column_text][\/vc_tta_section][\/vc_tta_accordion][\/vc_column][\/vc_row]<\/p>\n<\/div>","protected":false},"excerpt":{"rendered":"<p>[vc_row][vc_column][vc_empty_space alter_height=\u00bbsmall\u00bb hide_on_mobile=\u00bb\u00bb][vc_single_image image=\u00bb7801&#8243; img_size=\u00bb800&#215;300&#8243; alignment=\u00bbcenter\u00bb style=\u00bbvc_box_outline\u00bb border_color=\u00bbblue\u00bb][vc_empty_space alter_height=\u00bbsmall\u00bb hide_on_mobile=\u00bb\u00bb][\/vc_column][\/vc_row][vc_row][vc_column width=\u00bb1\/2&#8243;][vc_tta_accordion shape=\u00bbsquare\u00bb c_icon=\u00bb\u00bb active_section=\u00bb\u00bb collapsible_all=\u00bbtrue\u00bb][vc_tta_section i_icon_fontawesome=\u00bbicon-checkbox\u00bb add_icon=\u00bbtrue\u00bb title=\u00bb \u00bfC\u00f3mo elegir la propiedad m\u00e1s adecuada para mi?\u00bb tab_id=\u00bbfaq-as-01&#8243;][vc_column_text]Nuestros alojamientos est\u00e1n ubicados por toda Andaluc\u00eda. Cada propiedad ha sido visitada personalmente por nosotros y as\u00ed asegurarnos de que cumplen con el alto&hellip;<\/p>\n","protected":false},"author":1,"featured_media":0,"parent":0,"menu_order":0,"comment_status":"closed","ping_status":"closed","template":"","meta":{"footnotes":""},"class_list":["post-11088","page","type-page","status-publish","hentry"],"_links":{"self":[{"href":"https:\/\/www.andaluciansky.com\/es\/wp-json\/wp\/v2\/pages\/11088","targetHints":{"allow":["GET"]}}],"collection":[{"href":"https:\/\/www.andaluciansky.com\/es\/wp-json\/wp\/v2\/pages"}],"about":[{"href":"https:\/\/www.andaluciansky.com\/es\/wp-json\/wp\/v2\/types\/page"}],"author":[{"embeddable":true,"href":"https:\/\/www.andaluciansky.com\/es\/wp-json\/wp\/v2\/users\/1"}],"replies":[{"embeddable":true,"href":"https:\/\/www.andaluciansky.com\/es\/wp-json\/wp\/v2\/comments?post=11088"}],"version-history":[{"count":0,"href":"https:\/\/www.andaluciansky.com\/es\/wp-json\/wp\/v2\/pages\/11088\/revisions"}],"wp:attachment":[{"href":"https:\/\/www.andaluciansky.com\/es\/wp-json\/wp\/v2\/media?parent=11088"}],"curies":[{"name":"wp","href":"https:\/\/api.w.org\/{rel}","templated":true}]}}