{"id":11103,"date":"2020-06-02T16:37:18","date_gmt":"2020-06-02T15:37:18","guid":{"rendered":"https:\/\/www.andaluciansky.com\/enlaces-de-interes\/"},"modified":"2022-08-28T15:09:06","modified_gmt":"2022-08-28T14:09:06","slug":"enlaces-de-interes","status":"publish","type":"page","link":"https:\/\/www.andaluciansky.com\/es\/enlaces-de-interes\/","title":{"rendered":"Enlaces de inter\u00e9s"},"content":{"rendered":"<div class=\"wpb-content-wrapper\"><p>[vc_row el_id=\u00bbairlines\u00bb][vc_column][vc_empty_space height=\u00bb3em\u00bb alter_height=\u00bbnone\u00bb hide_on_mobile=\u00bb1,3&#8243;][vc_empty_space height=\u00bb4em\u00bb alter_height=\u00bbnone\u00bb hide_on_mobile=\u00bb\u00bb]<div id=\"sc_title_254801106\"\n\t\tclass=\"sc_title color_style_default sc_title_line_under_center\"><h1 class=\"sc_item_title sc_title_title sc_align_center sc_item_title_style_line_under_center sc_item_title_tag\">Flying to Andaluc\u00eda<\/h1><\/div><!-- \/.sc_title -->[vc_empty_space height=\u00bb1.5em\u00bb alter_height=\u00bbnone\u00bb hide_on_mobile=\u00bb1,3&#8243;][\/vc_column][\/vc_row][vc_row][vc_column width=\u00bb1\/2&#8243; css=\u00bb.vc_custom_1498053308646{background-position: 0 0 !important;background-repeat: no-repeat !important;}\u00bb][vc_single_image image=\u00bb8760&#8243; img_size=\u00bb700&#215;480&#8243;][vc_empty_space alter_height=\u00bbsmall\u00bb hide_on_mobile=\u00bb\u00bb][\/vc_column][vc_column width=\u00bb1\/2&#8243;][vc_empty_space hide_on_mobile=\u00bb\u00bb][vc_column_text css=\u00bb.vc_custom_1641573053597{margin-top: -0.7em !important;}\u00bb]Andaluc\u00eda est\u00e1 muy bien conectada en cuanto a rutas nacionales e internacionales, con miles de vuelos que llegan desde toda Europa todos los d\u00edas. Hay seis aeropuertos principales en la regi\u00f3n, cinco en Andaluc\u00eda: M\u00e1laga, Sevilla, Granada, Jerez y Almer\u00eda, adem\u00e1s de Gibraltar, muy bien conectado con la Costa de la Luz y la Costa del Sol occidental.<\/p>\n<p><a href=\"https:\/\/www.tui.co.uk\/flight\/\" target=\"_blank\" rel=\"noopener noreferrer\">TUI Airways<\/a> &amp; <a href=\"https:\/\/www.tuiholidays.ie\/flight\/\" target=\"_blank\" rel=\"noopener noreferrer\">TUI Airways Ireland<\/a><\/p>\n<p><a href=\"https:\/\/www.easyjet.com\/en\" target=\"_blank\" rel=\"noopener noreferrer\">EasyJet<\/a><\/p>\n<p><a href=\"https:\/\/www.ryanair.com\/gb\/en\/\" target=\"_blank\" rel=\"noopener noreferrer\">Ryanair<\/a><\/p>\n<p><a href=\"https:\/\/www.aerlingus.com\/html\/en-GB\/home.html\" target=\"_blank\" rel=\"noopener noreferrer\">Aer Lingus<\/a><\/p>\n<p><a href=\"https:\/\/www.britishairways.com\/en-es\/flights-and-holidays\/flights\" target=\"_blank\" rel=\"noopener noreferrer\">British Airways<\/a><\/p>\n<p>Todas ellas vuelan a Andaluc\u00eda y una lista interminable de compa\u00f1\u00edas vuela diariamente desde y hacia los aeropuertos de M\u00e1laga y Sevilla. Los aeropuertos de Granada, Jerez y Almer\u00eda est\u00e1n menos transitados y durante la temporada de verano a menudo hay grandes ofertas.[\/vc_column_text][\/vc_column][\/vc_row][vc_row el_id=\u00bbtravel\u00bb][vc_column][vc_empty_space height=\u00bb3em\u00bb alter_height=\u00bbnone\u00bb hide_on_mobile=\u00bb1,3&#8243;][vc_empty_space height=\u00bb4em\u00bb alter_height=\u00bbnone\u00bb hide_on_mobile=\u00bb\u00bb]<div id=\"sc_title_1773433325\"\n\t\tclass=\"sc_title color_style_default sc_title_line_under_center\"><h1 class=\"sc_item_title sc_title_title sc_align_center sc_item_title_style_line_under_center sc_item_title_tag\">Viajando por Andaluc\u00eda<\/h1><\/div><!-- \/.sc_title -->[vc_empty_space height=\u00bb1.5em\u00bb alter_height=\u00bbnone\u00bb hide_on_mobile=\u00bb1,3&#8243;][\/vc_column][\/vc_row][vc_row equal_height=\u00bbyes\u00bb][vc_column width=\u00bb1\/2&#8243;][vc_column_text css=\u00bb.vc_custom_1557870088579{margin-top: -0.7em !important;}\u00bb]<span>La mayor\u00eda de nuestros alojamientos se encuentran en zonas rurales, por lo que recomendamos encarecidamente que alquiles un coche, para muchas de nuestras propiedades es esencial. Adem\u00e1s, alquilar un autom\u00f3vil te dar\u00e1 la oportunidad de explorar los maravillosos y variados rincones escondidos de Andaluc\u00eda.<\/span><\/p>\n<p><span>El alquiler de coches en Espa\u00f1a es sencillo y bastante asequible. Todos los aeropuertos y estaciones de tren disponen de oficinas de alquiler de veh\u00edculos.<\/span><br \/>\n<span>Le recomendamos que consulte en l\u00ednea las ofertas m\u00e1s actualizadas, algunas de nuestras favoritas son:<\/span><\/p>\n<p>Sixt<br \/>\nEuropecar<br \/>\nrentalcars.com<br \/>\nAvis<br \/>\nAlamo<\/p>\n<p><span>Los servicios de autobuses circulan regularmente entre las principales ciudades y al menos una vez al d\u00eda a los municipios m\u00e1s remotos. Sin embargo, el problema con esto es que el horario del autob\u00fas local no siempre coincide con los horarios de entrada y salida de los alojamientos. La principal empresa de autobuses en Andaluc\u00eda es\u00a0<\/span><a href=\"https:\/\/www.alsa.com\/en\/web\/bus\/our-destinations\/regional\" target=\"_blank\" rel=\"noopener noreferrer\"><span>ALSA<\/span><\/a><span>\u00a0.<\/span><\/p>\n<p><span>Cada \u00e1rea (o provincia) tambi\u00e9n tiene una compa\u00f1\u00eda local de autobuses.\u00a0Si no puedes encontrar lo que est\u00e1s buscando, no dudes en pedirnos ayuda.<\/span>[\/vc_column_text][vc_empty_space height=\u00bb3.2em\u00bb alter_height=\u00bbnone\u00bb hide_on_mobile=\u00bb\u00bb][\/vc_column][vc_column width=\u00bb1\/2&#8243;][vc_column_text css=\u00bb.vc_custom_1661694976621{margin-top: -0.7em !important;}\u00bb]El servicio de tren opera entre las principales ciudades, C\u00f3rdoba, M\u00e1laga, Sevilla, Huelva y Cadiz (Jaen y Almer\u00eda no est\u00e1n muy bien conectadas y la estaci\u00f3n de Granada est\u00e1 siendo remodelada) Las dos brechas principales en la red de trenes en Andaluc\u00eda se encuentran entre Huelva y C\u00e1diz: los trenes no pueden pasar por el Parque Nacional de Do\u00f1ana, por lo que debes ir a Sevilla; y tambi\u00e9n entre Ja\u00e9n y Granada, que no tiene una l\u00ednea que conecte las dos ciudades. Tambi\u00e9n hay muy poco trazado costero, con la excepci\u00f3n de M\u00e1laga-Torremolinos-Fuengirola en el servicio \u00abCercan\u00edas\u00bb.<\/p>\n<p>Para m\u00e1s detalles, visita la p\u00e1gina web oficial de Renfe www.renfe.com o puede utilizar un servicio como <a href=\"https:\/\/www.thetrainline.com\/es\" target=\"_blank\" rel=\"noopener\">TrainLine<\/a> que ofrece todos los principales servicios de transporte en Espa\u00f1a y el resto de Europa.<\/p>\n<p>Tambi\u00e9n hay algunos viajes en tren pintorescos que, dependiendo de tu ubicaci\u00f3n,. Uno de ellos es el ferrocarril del se\u00f1or Henderson. La l\u00ednea fue construida originalmente entre 1890-92 por el ferrocarril de Algeciras (Gibraltar) puedes ser una opci\u00f3n para pasar el d\u00eda. El viaje en tren desde Algeciras o San Roque a Ronda hace un viaje pintoresco de un d\u00eda a trav\u00e9s de impresionantes paisajes y sitios hist\u00f3ricos. La ruta transcurre por espacios como el hermoso valle de Genal, en lugares donde no hay acceso por carretera.<\/p>\n<p>Si necesitas un taxi, estaremos encantados de ayudarte a organizar traslados en taxi. Esto debe solicitarse con anticipaci\u00f3n y se paga directamente al taxista.[\/vc_column_text][vc_empty_space height=\u00bb3.2em\u00bb alter_height=\u00bbnone\u00bb hide_on_mobile=\u00bb\u00bb][\/vc_column][vc_column css=\u00bb.vc_custom_1557869966050{background-position: 0 0 !important;background-repeat: no-repeat !important;}\u00bb]<div id=\"sc_content_2064389174\"\n\t\tclass=\"sc_content color_style_default sc_content_default sc_float_center  vc_custom_1558328561154\"><div class=\"sc_content_container\">[vc_empty_space height=\u00bb30em\u00bb alter_height=\u00bbnone\u00bb hide_on_mobile=\u00bb\u00bb][vc_empty_space height=\u00bb\u00bb alter_height=\u00bblarge\u00bb hide_on_mobile=\u00bb\u00bb]<\/div><\/div><!-- \/.sc_content -->[\/vc_column][\/vc_row][vc_row el_id=\u00bbweather\u00bb][vc_column][vc_empty_space height=\u00bb3em\u00bb alter_height=\u00bbnone\u00bb hide_on_mobile=\u00bb1,3&#8243;][vc_empty_space height=\u00bb4em\u00bb alter_height=\u00bbnone\u00bb hide_on_mobile=\u00bb\u00bb]<div id=\"sc_title_849407930\"\n\t\tclass=\"sc_title color_style_default sc_title_line_under_center\"><h1 class=\"sc_item_title sc_title_title sc_align_center sc_item_title_style_line_under_center sc_item_title_tag\">El tiempo  en Andaluc\u00eda<\/h1><\/div><!-- \/.sc_title -->[vc_empty_space height=\u00bb1.5em\u00bb alter_height=\u00bbnone\u00bb hide_on_mobile=\u00bb1,3&#8243;][\/vc_column][\/vc_row][vc_row equal_height=\u00bbyes\u00bb][vc_column width=\u00bb1\/2&#8243;][vc_column_text css=\u00bb.vc_custom_1557870857326{margin-top: -0.7em !important;}\u00bb]Andaluc\u00eda tiene la ubicaci\u00f3n m\u00e1s meridional de Europa continental en Tarifa, Costa de la Luz y su costa es una de las m\u00e1s soleadas, recibiendo un total de 3000 horas de luz solar cada a\u00f1o.<\/p>\n<p>Andaluc\u00eda tiene un clima t\u00edpicamente mediterr\u00e1neo con veranos c\u00e1lidos y secos e inviernos suaves. Dicho esto, el rango del clima puede variar enormemente dependiendo de cada regi\u00f3n. Almer\u00eda y Cabo de Gata, ubicados en la costa sureste del Mediterr\u00e1neo, tienen clima seco durante todo el a\u00f1o y es la \u00fanica regi\u00f3n de Europa con un clima des\u00e9rtico. Por el contrario, la Alta Alpujarra y Sierra Nevada pueden tener nieve hasta abril &#8230; y Grazalema, en el oeste de Andaluc\u00eda, tiene la mayor tasa de precipitaci\u00f3n de cualquier parte de Espa\u00f1a.<\/p>\n<p>Sin embargo, en general, Andaluc\u00eda es lo que la mayor\u00eda de la gente piensa cuando imagina el clima de Espa\u00f1a: los veranos son calurosos, soleados e ideales para aquellos que disfrutan de d\u00edas de descanso junto a la piscina o en la playa, y noches largas y c\u00e1lidas en la terraza.<\/p>\n<p>La primavera y el oto\u00f1o son m\u00e1s frescos con un poco menos de sol que el verano. Estos meses m\u00e1s tranquilos de primavera y oto\u00f1o son buenas \u00e9pocas del a\u00f1o para pasear y visitar las hermosas ciudades de Andaluc\u00eda. La primavera es la temporada para experimentar unaa explosi\u00f3n de color a medida que todo vuelve a la vida. Las flores son abundantes, el campo verde y exuberante. Todav\u00eda se pueden esperar algunas lluvias, pero ya se acerca el verano y sus cielos despejados.[\/vc_column_text][vc_empty_space height=\u00bb3.2em\u00bb alter_height=\u00bbnone\u00bb hide_on_mobile=\u00bb\u00bb][\/vc_column][vc_column width=\u00bb1\/2&#8243;][vc_column_text css=\u00bb.vc_custom_1557870878131{margin-top: -0.7em !important;}\u00bb]El oto\u00f1o tambi\u00e9n es todo un espect\u00e1culo de color. Las hojas amarillas y anaranjadas de los \u00e1rboles contrastan con el deslumbrante cielo azul claro. Comienza la temporada de las nueces y la tan esperada cosecha de uva!<\/p>\n<p>La primavera y el oto\u00f1o son ideales para largas caminatas en las altas monta\u00f1as y un descanso al mediod\u00eda a la sombra de un olivo, casta\u00f1o o alcornoque seguramente ser\u00e1 bienvenido.<\/p>\n<p>Incluso en invierno, una de las mejores cosas de Andaluc\u00eda es que el pron\u00f3stico casi siempre es soleado. A lo largo de la costa, no es raro ver gente sentada al sol tomando su \u00abaperitivo\u00bb a mediados de enero. En esta \u00e9poca del a\u00f1o, puedes esquiar en Sierra Nevada y tomar el sol en la costa en poco m\u00e1s de una hora, y luego ir a casa para una noche acogedora frente a la chimenea.<\/p>\n<p>Para un pron\u00f3stico fiable del \u00e1rea que deseas visitar, consulta: AEMET (Agencia Espa\u00f1ola de Metereolog\u00eda)[\/vc_column_text][vc_empty_space height=\u00bb3.2em\u00bb alter_height=\u00bbnone\u00bb hide_on_mobile=\u00bb\u00bb][\/vc_column][vc_column css=\u00bb.vc_custom_1557870809142{background-position: 0 0 !important;background-repeat: no-repeat !important;}\u00bb]<div id=\"sc_content_705564682\"\n\t\tclass=\"sc_content color_style_default sc_content_default sc_float_center  vc_custom_1558328798277\"><div class=\"sc_content_container\">[vc_empty_space height=\u00bb34em\u00bb alter_height=\u00bbnone\u00bb hide_on_mobile=\u00bb\u00bb]<\/div><\/div><!-- \/.sc_content -->[\/vc_column][\/vc_row]<\/p>\n<\/div>","protected":false},"excerpt":{"rendered":"<p>[vc_row el_id=\u00bbairlines\u00bb][vc_column][vc_empty_space height=\u00bb3em\u00bb alter_height=\u00bbnone\u00bb hide_on_mobile=\u00bb1,3&#8243;][vc_empty_space height=\u00bb4em\u00bb alter_height=\u00bbnone\u00bb hide_on_mobile=\u00bb\u00bb][vc_empty_space height=\u00bb1.5em\u00bb alter_height=\u00bbnone\u00bb hide_on_mobile=\u00bb1,3&#8243;][\/vc_column][\/vc_row][vc_row][vc_column width=\u00bb1\/2&#8243; css=\u00bb.vc_custom_1498053308646{background-position: 0 0 !important;background-repeat: no-repeat !important;}\u00bb][vc_single_image image=\u00bb8760&#8243; img_size=\u00bb700&#215;480&#8243;][vc_empty_space alter_height=\u00bbsmall\u00bb hide_on_mobile=\u00bb\u00bb][\/vc_column][vc_column width=\u00bb1\/2&#8243;][vc_empty_space hide_on_mobile=\u00bb\u00bb][vc_column_text css=\u00bb.vc_custom_1641573053597{margin-top: -0.7em !important;}\u00bb]Andaluc\u00eda est\u00e1 muy bien conectada en cuanto a rutas nacionales e internacionales, con miles de vuelos que llegan desde toda Europa todos los d\u00edas.&hellip;<\/p>\n","protected":false},"author":1,"featured_media":0,"parent":0,"menu_order":0,"comment_status":"closed","ping_status":"closed","template":"","meta":{"footnotes":""},"class_list":["post-11103","page","type-page","status-publish","hentry"],"_links":{"self":[{"href":"https:\/\/www.andaluciansky.com\/es\/wp-json\/wp\/v2\/pages\/11103","targetHints":{"allow":["GET"]}}],"collection":[{"href":"https:\/\/www.andaluciansky.com\/es\/wp-json\/wp\/v2\/pages"}],"about":[{"href":"https:\/\/www.andaluciansky.com\/es\/wp-json\/wp\/v2\/types\/page"}],"author":[{"embeddable":true,"href":"https:\/\/www.andaluciansky.com\/es\/wp-json\/wp\/v2\/users\/1"}],"replies":[{"embeddable":true,"href":"https:\/\/www.andaluciansky.com\/es\/wp-json\/wp\/v2\/comments?post=11103"}],"version-history":[{"count":0,"href":"https:\/\/www.andaluciansky.com\/es\/wp-json\/wp\/v2\/pages\/11103\/revisions"}],"wp:attachment":[{"href":"https:\/\/www.andaluciansky.com\/es\/wp-json\/wp\/v2\/media?parent=11103"}],"curies":[{"name":"wp","href":"https:\/\/api.w.org\/{rel}","templated":true}]}}