{"id":12050,"date":"2020-12-15T17:18:58","date_gmt":"2020-12-15T16:18:58","guid":{"rendered":"https:\/\/www.andaluciansky.com\/aviso-legal\/"},"modified":"2023-07-11T16:25:59","modified_gmt":"2023-07-11T15:25:59","slug":"aviso-legal","status":"publish","type":"page","link":"https:\/\/www.andaluciansky.com\/es\/aviso-legal\/","title":{"rendered":"Aviso Legal"},"content":{"rendered":"<div class=\"wpb-content-wrapper\"><p>[vc_row][vc_column]<div id=\"sc_title_258567316\"\n\t\tclass=\"sc_title color_style_default sc_title_line_under_left\"><h1 class=\"sc_item_title sc_title_title sc_align_left sc_item_title_style_line_under_left sc_item_title_tag\">Temas legales ... s\u00f3lo por ser claros<\/h1><\/div><!-- \/.sc_title --><div id=\"sc_content_776841052\"\n\t\tclass=\"sc_content color_style_default sc_content_default sc_float_center\"><div class=\"sc_content_container\">[vc_column_text]A continuaci\u00f3n encontrar\u00e1 el aviso legal requerido con respecto a los datos, las cookies y nuestro sitio web.[\/vc_column_text]<\/div><\/div><!-- \/.sc_content -->[vc_empty_space alter_height=\u00bbsmall\u00bb hide_on_mobile=\u00bb\u00bb][vc_single_image image=\u00bb10811&#8243; img_size=\u00bb800&#215;300&#8243; alignment=\u00bbcenter\u00bb style=\u00bbvc_box_outline\u00bb border_color=\u00bbblue\u00bb][vc_empty_space alter_height=\u00bbsmall\u00bb hide_on_mobile=\u00bb\u00bb][\/vc_column][\/vc_row][vc_row][vc_column]<div id=\"sc_content_1784415721\"\n\t\tclass=\"sc_content color_style_default sc_content_default sc_float_center sc_margin_large\"><div class=\"sc_content_container\">[vc_column_text css_animation=\u00bbfadeIn\u00bb]<strong>1.) IDENTIFICACI\u00d3N DEL PRESTADOR DE SERVICIOS:<\/strong><\/p>\n<p><strong>1.1.)<\/strong> En cumplimiento con el deber de informaci\u00f3n general que, recogido en el art\u00edculo 10 de la Ley 34\/2002, de 11 de julio, de Servicios de la Sociedad de la Informaci\u00f3n y de Comercio Electr\u00f3nico, el Reglamento General de Protecci\u00f3n de Datos 2016\/679 y Ley Org\u00e1nica de Protecci\u00f3n de Datos Personales y Garant\u00eda de Derechos Digitales 3\/2018, deben ofrecer los prestadores de servicios de la sociedad de informaci\u00f3n, a continuaci\u00f3n se reflejan los siguientes datos:<br \/>\nLa Entidad titular del website www.andaluciansky.com es:<\/p>\n<p>Mark Alexander Chinnick.<br \/>\nN.I.E.: X-5857807-Y<\/p>\n<p><strong>2.) AVISO SOBRE LA POL\u00cdTICA DE PRIVACIDAD DE LOS DATOS:<\/strong><br \/>\nA efectos de lo previsto en el Reglamento Europeo 2016\/679 y Ley Org\u00e1nica de Protecci\u00f3n de Datos Personales y Garant\u00eda de Derechos Digitales, informamos a los usuarios que los datos personales introducidos voluntariamente ser\u00e1n guardados en el Registro de Actividades de Tratamiento: Formularios de Contacto Web del Responsable, cuya finalidad es la de que Mark Alexander Chinnick pueda ofrecerles los servicios que m\u00e1s se adecuen a sus necesidades y preferencias as\u00ed como responderles a las solicitudes recibidas.<\/p>\n<p>Mark Alexander Chinnick garantiza la seguridad y confidencialidad de los datos facilitados. De este modo, se compromete al cumplimiento de su obligaci\u00f3n de secreto de los datos de car\u00e1cter personal y de su deber de guardarlos y adoptar todas las medidas t\u00e9cnicas y organizativas necesarias para evitar su alteraci\u00f3n, p\u00e9rdida, tratamiento o uso no autorizado. Por lo tanto, toda la informaci\u00f3n que nos facilite no ser\u00e1 cedida a terceros salvo que en los casos que por obligaci\u00f3n legal as\u00ed haya que hacerlo o para la correcta prestaci\u00f3n de los servicios contratados.<\/p>\n<p>Usted podr\u00e1 en todo momento ejercitar los derechos de acceso, rectificaci\u00f3n, cancelaci\u00f3n y portabilidad de sus datos, y la limitaci\u00f3n u oposici\u00f3n a su tratamiento, as\u00ed como retirar el consentimiento aceptado al tratamiento de sus datos comunic\u00e1ndolo por escrito a nuestra direcci\u00f3n de correo electr\u00f3nico <a href=\"mailto:info@andaluciansky.com\">info@andaluciansky.com<\/a>, e incluso interponer reclamaci\u00f3n ante la Agencia Espa\u00f1ola de Protecci\u00f3n de Datos.<\/p>\n<p>Delegado de Protecci\u00f3n de Datos:<br \/>\nDatasur Protecci\u00f3n de Datos S.L. Tlf.- 958 958 230 E-mail: <a href=\"mailto:dpd@data-sur.com\">dpd@data-sur.com<\/a>.<\/p>\n<p><strong>3.) VARIOS:<\/strong><\/p>\n<p><strong>A.<\/strong>&#8211; Mark Alexander Chinnick utiliza cookies que se quedar\u00e1n almacenadas en el ordenador. El usuario podr\u00e1 la opci\u00f3n de aceptar, rechazar o configurar las cookies que se almacenan. Las cookies son peque\u00f1os archivos que nuestro ordenador env\u00eda al suyo, pero que no nos proporcionan informaci\u00f3n ni sobre su nombre, ni sobre cualquier dato de car\u00e1cter personal suyo. Cuando el usuario se encuentre navegando por las p\u00e1ginas web de Mark Alexander Chinnick el servidor donde se encuentra alojada reconoce autom\u00e1ticamente la direcci\u00f3n IP de su ordenador, el d\u00eda y la hora en la que comienza la visita, en la que abandona la visita, as\u00ed como informaci\u00f3n sobre las distintas secciones consultadas. Es necesario que el servidor conozca estos datos para poder comunicarse y enviarle la petici\u00f3n realizada y que a trav\u00e9s del navegador se pueda ver en la pantalla. No elaborando perfiles en ning\u00fan caso. El usuario podr\u00e1 eliminar las cookies de su ordenador en cualquier momento.<\/p>\n<p><strong>B.<\/strong>&#8211; Mark Alexander Chinnick podr\u00e1 modificar, sin previo aviso, la informaci\u00f3n contenida en su sitio web, as\u00ed como su configuraci\u00f3n y presentaci\u00f3n.<\/p>\n<p><strong>C.<\/strong>&#8211; Mark Alexander Chinnick no se hace responsable del incumplimiento de cualquier norma aplicable en que pueda incurrir el usuario en su acceso al sitio web y\/o en el uso de las informaciones contenidas en el mismo.<\/p>\n<p>Puede ponerse en <a href=\"https:\/\/www.andaluciansky.com\/es\/contactanos\/\">contacto con nosotros<\/a> directamente si tiene m\u00e1s consultas en relaci\u00f3n con este Aviso Legal.[\/vc_column_text]<\/div><\/div><!-- \/.sc_content -->[\/vc_column][\/vc_row]<\/p>\n<\/div>","protected":false},"excerpt":{"rendered":"<p>[vc_row][vc_column][vc_empty_space alter_height=\u00bbsmall\u00bb hide_on_mobile=\u00bb\u00bb][vc_single_image image=\u00bb10811&#8243; img_size=\u00bb800&#215;300&#8243; alignment=\u00bbcenter\u00bb style=\u00bbvc_box_outline\u00bb border_color=\u00bbblue\u00bb][vc_empty_space alter_height=\u00bbsmall\u00bb hide_on_mobile=\u00bb\u00bb][\/vc_column][\/vc_row][vc_row][vc_column][\/vc_column][\/vc_row]<\/p>\n","protected":false},"author":1,"featured_media":0,"parent":0,"menu_order":0,"comment_status":"closed","ping_status":"closed","template":"","meta":{"footnotes":""},"class_list":["post-12050","page","type-page","status-publish","hentry"],"_links":{"self":[{"href":"https:\/\/www.andaluciansky.com\/es\/wp-json\/wp\/v2\/pages\/12050","targetHints":{"allow":["GET"]}}],"collection":[{"href":"https:\/\/www.andaluciansky.com\/es\/wp-json\/wp\/v2\/pages"}],"about":[{"href":"https:\/\/www.andaluciansky.com\/es\/wp-json\/wp\/v2\/types\/page"}],"author":[{"embeddable":true,"href":"https:\/\/www.andaluciansky.com\/es\/wp-json\/wp\/v2\/users\/1"}],"replies":[{"embeddable":true,"href":"https:\/\/www.andaluciansky.com\/es\/wp-json\/wp\/v2\/comments?post=12050"}],"version-history":[{"count":0,"href":"https:\/\/www.andaluciansky.com\/es\/wp-json\/wp\/v2\/pages\/12050\/revisions"}],"wp:attachment":[{"href":"https:\/\/www.andaluciansky.com\/es\/wp-json\/wp\/v2\/media?parent=12050"}],"curies":[{"name":"wp","href":"https:\/\/api.w.org\/{rel}","templated":true}]}}