{"id":12070,"date":"2020-12-15T18:33:02","date_gmt":"2020-12-15T17:33:02","guid":{"rendered":"https:\/\/www.andaluciansky.com\/condiciones-de-uso\/"},"modified":"2023-07-11T16:36:28","modified_gmt":"2023-07-11T15:36:28","slug":"condiciones-de-uso","status":"publish","type":"page","link":"https:\/\/www.andaluciansky.com\/es\/condiciones-de-uso\/","title":{"rendered":"Condiciones de uso"},"content":{"rendered":"<div class=\"wpb-content-wrapper\"><p>[vc_row][vc_column]<div id=\"sc_title_827347587\"\n\t\tclass=\"sc_title color_style_default sc_title_line_under_left\"><h1 class=\"sc_item_title sc_title_title sc_align_left sc_item_title_style_line_under_left sc_item_title_tag\">Condiciones de acceso y uso de nuestro sitio web<\/h1><\/div><!-- \/.sc_title --><div id=\"sc_content_73714849\"\n\t\tclass=\"sc_content color_style_default sc_content_default sc_float_center\"><div class=\"sc_content_container\">[vc_column_text]A continuaci\u00f3n detallamos las condiciones de acceso y uso del Sitio Web de Andalucian Sky.[\/vc_column_text]<\/div><\/div><!-- \/.sc_content -->[vc_empty_space alter_height=\u00bbsmall\u00bb hide_on_mobile=\u00bb\u00bb][vc_single_image image=\u00bb10208&#8243; img_size=\u00bb800&#215;300&#8243; alignment=\u00bbcenter\u00bb style=\u00bbvc_box_outline\u00bb border_color=\u00bbblue\u00bb][vc_empty_space alter_height=\u00bbsmall\u00bb hide_on_mobile=\u00bb\u00bb][\/vc_column][\/vc_row][vc_row][vc_column]<div id=\"sc_content_1253594897\"\n\t\tclass=\"sc_content color_style_default sc_content_default sc_float_center sc_margin_large\"><div class=\"sc_content_container\">[vc_column_text css_animation=\u00bbfadeIn\u00bb]Las presentes, son los t\u00e9rminos y condiciones con los que usted (el Usuario) y <strong>Mark Alexander Chinnick<\/strong>, regulan el uso y disfrute de la web de Mark Alexander Chinnick Ser usuario de la web andaluciansky.com, implica que Vd. Consiente expresamente las presentes condiciones y lo que se derive de la normativa legal aplicable en esta materia. Si Vd. no est\u00e1 de acuerdo con estas condiciones le rogamos que no contin\u00fae usando esta web.<\/p>\n<p><strong>1.- OBJETO DE LA WEB.<\/strong><br \/>\nLa web de Mark Alexander Chinnick (en adelante la web) se ha realizado con objetivo meramente informativo para sus usuarios, que disponen de informaci\u00f3n que se ofrece de forma gratuita y accesible para todo el mundo sin necesidad de abonar ning\u00fan importe en ning\u00fan momento del acceso. Es sobre este entorno especialmente, sobre el que cual Mark Alexander Chinnick desea establecer las presentes condiciones y limitaciones de uso, que se extiende y a\u00f1ade en todas las cl\u00e1usulas complementarias y no contradictorias a las que puedan cubrir otras partes de la web sujetas a condiciones generales y\/o particulares.<\/p>\n<p>Incluso unas \u00abCondiciones Particulares\u00bb en el caso de ser necesarias para servicios concretos. Estas \u00faltimas \u00abCondiciones Particulares\u00bb habr\u00e1n de ser puestas a disposici\u00f3n del Usuario de forma fehaciente por cualquier medio y visadas de forma espec\u00edfica por el Usuario, antes de que ambas partes las consideren aceptadas y obren en consecuencia.<\/p>\n<p><strong>2.- LIMITACIONES DE USO Y PROTECCI\u00d3N DE LA INFORMACI\u00d3N Y CONTENIDOS DE andaluciansky.com.<\/strong><br \/>\nEl contenido y la informaci\u00f3n a la que pueda acceder el usuario a trav\u00e9s de la web, principalmente mediante el buscador o dentro del espacio reservado para usuarios registrados, son propiedad de Mark Alexander Chinnick Se puede visualizar dicha informaci\u00f3n para usos personales, informativos y no comerciales. Pero est\u00e1 prohibido copiar, distribuir, ejecutar, reproducir, licenciar, transferir o vender cualquier tipo de informaci\u00f3n que se extraiga de la web de Mark Alexander Chinnick y en especial del buscador de usuarios.<\/p>\n<p>Mark Alexander Chinnick realiza cambios puntuales en la informaci\u00f3n, insertando marcas de agua con tecnolog\u00eda de cifrado, que no alteran el contenido ni significado de la misma en grado alguno, pero que permiten la detecci\u00f3n de comercializaciones il\u00edcitas de su base de datos y la procedencia de dichas comercializaciones, as\u00ed como la fecha e IP de extracci\u00f3n. Mark Alexander Chinnick podr\u00e1 probar la captaci\u00f3n il\u00edcita de informaci\u00f3n y, por tanto, exigir\u00e1 las penas tipificadas en el c\u00f3digo penal al respecto de la apropiaci\u00f3n indebida de bases de datos.<\/p>\n<p><strong>3.- DERECHOS DE AUTOR Y MARCAS.<\/strong><br \/>\nLa propiedad intelectual e industrial, marcas comerciales, gr\u00e1ficos, im\u00e1genes, logotipos, informaci\u00f3n e iconos visibles en el Web de Mark Alexander Chinnick son de propiedad exclusiva de Mark Alexander Chinnick o en su caso de la entidad o colectivo que ha autorizado su inclusi\u00f3n. Todo el contenido y su formato est\u00e1n protegidos por las leyes en vigor de \u00e1mbito nacional e internacional.<\/p>\n<p>El uso interesado de cualquier contenido que se encuentre en el Web de Mark Alexander Chinnick queda absolutamente prohibido, a no ser que exista concesi\u00f3n de una licencia por escrito.<\/p>\n<p><strong>4.- POL\u00cdTICA DE PRIVACIDAD.<\/strong><br \/>\n<strong>Responsable:<\/strong><br \/>\nMark Alexander Chinnick con N.I.E.: X-5857807-Y<br \/>\nTel\u00e9fono: 652 725104. E-mail: <a href=\"mailto:info@andaluciansky.com\">info@andaluciansky.com<\/a><\/p>\n<p><strong>Finalidad:<\/strong> En andaluciansky.com tratamos la informaci\u00f3n que nos facilita seg\u00fan el Reglamento General de Protecci\u00f3n de Datos y Ley Org\u00e1nica de Protecci\u00f3n de Datos Personales y Garant\u00eda de Derechos Digitales, con el fin de gestionar los servicios o productos que le prestamos o nos demanda mediante la p\u00e1gina Web. Todos los datos solicitados (nombre, e-mail, y aquellos incluidos en la consulta) son estrictamente necesarios para la gesti\u00f3n de las consultas formuladas, incluyendo la existencia de posibles decisiones automatizadas, no elaborando perfiles en ning\u00fan caso.<br \/>\nAlmacenamiento: Sus datos personales van a ser almacenados en el Registro de Actividades de Tratamiento: Formularios de Contacto Web. La finalidad de dicho tratamiento es la gesti\u00f3n de las consultas recibidas a trav\u00e9s de los formularios de contacto de la web por parte de los usuarios.<\/p>\n<p><strong>Conservaci\u00f3n:<\/strong> Los datos proporcionados se conservar\u00e1n durante el tiempo necesario para la tramitaci\u00f3n y respuesta de la consulta, cumpliendo con la finalidad para la que se recaban o durante los a\u00f1os necesarios para cumplir con las obligaciones legales.<\/p>\n<p><strong>Comunicaci\u00f3n y Transferencia Internacional:<\/strong> Los datos no se ceder\u00e1n a terceros salvo en los casos en que exista una obligaci\u00f3n legal y para la prestaci\u00f3n de los servicios ofertados, as\u00ed haya que hacerlo y no est\u00e1n previstas las transferencias internacionales de datos.<\/p>\n<p><strong>Legitimaci\u00f3n:<\/strong> El tratamiento de sus datos est\u00e1 legitimado mediante el consentimiento expreso del interesado, que voluntariamente los remite a trav\u00e9s del formulario mediante una clara acci\u00f3n afirmativa.<\/p>\n<p><strong>Edad:<\/strong> Los usuarios menores de 14 a\u00f1os necesitan el consentimiento de sus padres, tutores o representantes legales para la realizaci\u00f3n de la consulta a trav\u00e9s del formulario. El usuario reconoce ser mayor de 14 a\u00f1os de edad o disponer del correspondiente consentimiento de sus padres, tutores o representantes legales para formular la consulta.<\/p>\n<p><strong>Derechos:<\/strong> Usted tiene derecho a obtener confirmaci\u00f3n sobre si en Mark Alexander Chinnick estamos tratando sus datos personales, por tanto tiene derecho a acceder a sus datos personales, rectificar los datos inexactos o solicitar su supresi\u00f3n cuando los datos ya no sean necesarios, as\u00ed como el derecho a la limitaci\u00f3n u oposici\u00f3n a su tratamiento, portabilidad de sus datos y retirar el consentimiento aceptado al tratamiento de sus datos e incluso interponer reclamaci\u00f3n ante la Agencia Espa\u00f1ola de Protecci\u00f3n de Datos (<a href=\"https:\/\/www.aepd.es\/\" target=\"_blank\" rel=\"noopener\">https:\/\/www.aepd.es\/<\/a>).<\/p>\n<p><strong>Comunicaciones Comerciales:<\/strong> En lo referente a comunicaciones comerciales, Mark Alexander Chinnick se compromete a NO REMITIR COMUNICACIONES COMERCIALES SIN IDENTIFICARLAS COMO TALES, conforme a lo dispuesto en la Ley 34\/2002 de Servicios de la Sociedad de la Informaci\u00f3n y de Comercio Electr\u00f3nico. No ser\u00e1 considerado como comunicaci\u00f3n comercial toda la informaci\u00f3n que se env\u00ede al Usuario del portal de Mark Alexander Chinnick. Siempre que tenga por finalidad el mantenimiento de la relaci\u00f3n contractual existente entre usuario y Mark Alexander Chinnick as\u00ed como el desempe\u00f1o de las tareas de informaci\u00f3n, formaci\u00f3n y otras actividades propias del servicio que el cliente\/usuario pueda contratado con la Entidad.<\/p>\n<p>Mark Alexander Chinnick se compromete a trav\u00e9s de este medio a NO REALIZAR PUBLICIDAD ENGA\u00d1OSA. A estos efectos, por lo tanto, no ser\u00e1n considerados como publicidad enga\u00f1osa los errores formales o num\u00e9ricos que puedan encontrarse a lo largo del contenido de las distintas secciones de la web de Mark Alexander Chinnick producidos como consecuencia de un mantenimiento y\/o actualizaci\u00f3n incompleta o defectuosa de la informaci\u00f3n contenida es estas secciones. Mark Alexander Chinnick como consecuencia de lo dispuesto en este apartado, se compromete a corregirlo tan pronto como tenga conocimiento de dichos errores.<\/p>\n<p>Delegado de Protecci\u00f3n de Datos:<br \/>\nDatasur Protecci\u00f3n de Datos S.L. Tlf.- 958 958 230 E-mail: <a href=\"mailto:dpd@data-sur.com\">dpd@data-sur.com<\/a>. Chat: <a href=\"https:\/\/www.data-sur.com\/\" target=\"_blank\" rel=\"noopener\">https:\/\/www.data-sur.com\/<\/a><\/p>\n<p><strong>5.- RESPONSABILIDAD.<\/strong><br \/>\nMark Alexander Chinnick no se hace responsable de los da\u00f1os y perjuicios que se produzcan por fallos o malas configuraciones del software instalado en el ordenador del Usuario, fallos en la transmisi\u00f3n y defectos del fabricante de software. Este web est\u00e1 preparado por defecto para ser visualizado en cualquier tipo de navegador y con cualquier sistema operativo. Mark Alexander Chinnick no responde de la falta de visualizaci\u00f3n de informaci\u00f3n relevante que pudieran producirse en otro tipo de combinaci\u00f3n posible de navegadores y\/o sistemas operativos.<\/p>\n<p>Usted es el \u00fanico responsable de lo que suceda en su propio Equipo, y deber\u00e1 tomar las medidas de seguridad adecuadas para proteger la informaci\u00f3n alojada en el mismo, para evitar p\u00e9rdidas o da\u00f1os causados por descargas desde el Web. El usuario deber\u00e1 de mantener actualizado el navegador a la \u00faltima versi\u00f3n, elegir complementos y plugins de confianza, revisar las opciones de configuraci\u00f3n del navegador y habilitar aquellas que considere m\u00e1s interesante para proteger su privacidad. Respecto de la informaci\u00f3n a la que pueda acceder el usuario a trav\u00e9s de la web, debido a las diferentes fuentes de obtenci\u00f3n de la misma y su proceso de grabaci\u00f3n, Mark Alexander Chinnick no garantiza la correcci\u00f3n absoluta de la misma y por ello el Usuario no podr\u00e1 exigir responsabilidad alguna por da\u00f1os y perjuicios derivados de errores en la informaci\u00f3n suministrada. Mark Alexander Chinnick no se hace responsable de la legalidad de otros sitios web de terceros desde los que pueda accederse al Web ni tampoco de la legalidad de otros sitios web de terceros, que pudieran estar vinculados desde este Web.<\/p>\n<p><strong>6.- MODIFICACIONES.<\/strong><br \/>\nMark Alexander Chinnick podr\u00e1 variar las presentes condiciones en cualquier momento, aunque no es intenci\u00f3n que sea frecuente, publicando en esta misma p\u00e1gina las fechas de las modificaciones y entrando en vigor de forma inmediata. Si por cambio legislativo o resoluci\u00f3n judicial deja de ser aplicable una parte de las presentes condiciones, dichas cl\u00e1usulas ser\u00e1n anuladas, pero las dem\u00e1s ser\u00e1n perfectamente v\u00e1lidas y permanecer\u00e1n en vigor. El hecho de continuar usando nuestro Web implica que Usted acepta estas condiciones y se compromete a aceptar las modificaciones realizadas en las mismas, oblig\u00e1ndose a revisar esta p\u00e1gina con frecuencia. En caso de no aceptar estas condiciones, no debe seguir visitando el Web de Mark Alexander Chinnick.<\/p>\n<p><strong>7.- INDEPENDENCIA.<\/strong><br \/>\nLos contenidos de Mark Alexander Chinnick no tienen ninguna l\u00ednea pol\u00edtica ni se apoya ninguna ideolog\u00eda o grupo pol\u00edtico-social por encima de otro.<br \/>\n[\/vc_column_text]<\/div><\/div><!-- \/.sc_content -->[\/vc_column][\/vc_row]<\/p>\n<\/div>","protected":false},"excerpt":{"rendered":"<p>[vc_row][vc_column][vc_empty_space alter_height=\u00bbsmall\u00bb hide_on_mobile=\u00bb\u00bb][vc_single_image image=\u00bb10208&#8243; img_size=\u00bb800&#215;300&#8243; alignment=\u00bbcenter\u00bb style=\u00bbvc_box_outline\u00bb border_color=\u00bbblue\u00bb][vc_empty_space alter_height=\u00bbsmall\u00bb hide_on_mobile=\u00bb\u00bb][\/vc_column][\/vc_row][vc_row][vc_column][\/vc_column][\/vc_row]<\/p>\n","protected":false},"author":1,"featured_media":0,"parent":0,"menu_order":0,"comment_status":"closed","ping_status":"closed","template":"","meta":{"footnotes":""},"class_list":["post-12070","page","type-page","status-publish","hentry"],"_links":{"self":[{"href":"https:\/\/www.andaluciansky.com\/es\/wp-json\/wp\/v2\/pages\/12070","targetHints":{"allow":["GET"]}}],"collection":[{"href":"https:\/\/www.andaluciansky.com\/es\/wp-json\/wp\/v2\/pages"}],"about":[{"href":"https:\/\/www.andaluciansky.com\/es\/wp-json\/wp\/v2\/types\/page"}],"author":[{"embeddable":true,"href":"https:\/\/www.andaluciansky.com\/es\/wp-json\/wp\/v2\/users\/1"}],"replies":[{"embeddable":true,"href":"https:\/\/www.andaluciansky.com\/es\/wp-json\/wp\/v2\/comments?post=12070"}],"version-history":[{"count":0,"href":"https:\/\/www.andaluciansky.com\/es\/wp-json\/wp\/v2\/pages\/12070\/revisions"}],"wp:attachment":[{"href":"https:\/\/www.andaluciansky.com\/es\/wp-json\/wp\/v2\/media?parent=12070"}],"curies":[{"name":"wp","href":"https:\/\/api.w.org\/{rel}","templated":true}]}}