{"id":14509,"date":"2023-07-11T19:45:32","date_gmt":"2023-07-11T18:45:32","guid":{"rendered":"https:\/\/www.andaluciansky.com\/?page_id=14509"},"modified":"2023-07-11T19:51:32","modified_gmt":"2023-07-11T18:51:32","slug":"politica-de-cookies","status":"publish","type":"page","link":"https:\/\/www.andaluciansky.com\/es\/politica-de-cookies\/","title":{"rendered":"Pol\u00edtica de Cookies"},"content":{"rendered":"<div class=\"wpb-content-wrapper\"><p>[vc_row][vc_column]<div id=\"sc_title_230814495\"\n\t\tclass=\"sc_title color_style_default sc_title_line_under_left\"><h1 class=\"sc_item_title sc_title_title sc_align_left sc_item_title_style_line_under_left sc_item_title_tag\">Detalles de nuestra configuraci\u00f3n de cookies<\/h1><\/div><!-- \/.sc_title -->[vc_empty_space alter_height=\u00bbmedium\u00bb hide_on_mobile=\u00bb\u00bb][vc_single_image image=\u00bb8761&#8243; img_size=\u00bb800&#215;300&#8243; style=\u00bbvc_box_outline\u00bb border_color=\u00bbblue\u00bb css_animation=\u00bbfadeIn\u00bb][vc_empty_space alter_height=\u00bbmedium\u00bb hide_on_mobile=\u00bb\u00bb][\/vc_column][\/vc_row][vc_row][vc_column width=\u00bb5\/6&#8243; offset=\u00bbvc_col-xs-12&#8243;][vc_column_text]<strong>Responsable:<\/strong><br \/>\nMark Alexander Chinnick, con N.I.E.: X-5857807-Y<br \/>\nTel\u00e9fono: 652 725104. E-mail: <a href=\"mailto:info@andaluciansky.com\">info@andaluciansky.com<\/a><\/p>\n<p><strong>COOKIES<\/strong><br \/>\nEste sitio Web utiliza cookies y\/o tecnolog\u00edas similares que almacenan y recuperan informaci\u00f3n cuando navegas. En general estas tecnolog\u00edas pueden servir para finalidades muy diversas como por ejemplo, reconocerte como usuario, obtener informaci\u00f3n sobre tus h\u00e1bitos de navegaci\u00f3n o personalizar la forma en que se muestra el contenido.<\/p>\n<p><strong>Tipos de Cookies:<\/strong><br \/>\nExisten diferentes tipos de cookies, las cuales pueden ser clasificadas:<\/p>\n<p>\u2022 Seg\u00fan qui\u00e9n sea la entidad que gestione el equipo o dominio desde donde se env\u00edan las cookies y trate los datos que se obtengan:<\/p>\n<p><strong>Cookies propias:<\/strong> son aquellas que se env\u00edan al equipo terminal del usuario desde un equipo o dominio gestionado por el propio editor y desde el que se presta el servicio solicitado por el usuario.<\/p>\n<p><strong>Cookies de tercero:<\/strong> son aquellas que se env\u00edan al equipo terminal del usuario desde un equipo o dominio que no es gestionado por el editor, sino por otra entidad que trata los datos obtenidos trav\u00e9s de las cookies.<\/p>\n<p>Tenga en cuenta que si acepta las cookies de terceros, deber\u00e1 eliminarlas desde las opciones del navegador.<\/p>\n<p>\u2022 Seg\u00fan su finalidad a la hora de obtener informaci\u00f3n acerca del usuario:<\/p>\n<p><strong>Cookies t\u00e9cnicas:<\/strong> Son aquellas que resultan imprescindibles para permitir al usuario la navegaci\u00f3n a trav\u00e9s de una p\u00e1gina web, aplicaci\u00f3n o plataforma, como por ejemplo, las que permiten almacenar los datos de un pedido online.<\/p>\n<p><strong>Cookies de personalizaci\u00f3n o de preferencias:<\/strong> son aquellas que permiten recordar informaci\u00f3n para que el usuario acceda al servicio con determinadas caracter\u00edsticas que pueden diferenciar su experiencia de la de otros usuarios, como por ejemplo, el idioma.<\/p>\n<p><strong>Cookies de an\u00e1lisis o mediaci\u00f3n:<\/strong> son aquellas que permiten al responsable de las mismas el seguimiento y an\u00e1lisis del comportamiento de los usuarios de los sitios web, aplicaci\u00f3n o plataforma.<\/p>\n<p><strong>Cookies de publicidad comportamental:<\/strong> son aquellas que almacenan informaci\u00f3n del comportamiento de los usuarios obtenida a trav\u00e9s de la observaci\u00f3n continuada de sus h\u00e1bitos de navegaci\u00f3n, lo que permite desarrollar un perfil espec\u00edfico para mostrar publicidad en funci\u00f3n del mismo.<\/p>\n<p>\u2022 Seg\u00fan el plazo de tiempo que permanecen activadas en el equipo terminal:<\/p>\n<p><strong>Cookies de sesi\u00f3n:<\/strong> son aquellas dise\u00f1adas para recabar y almacenar datos mientras el usuario accede a una p\u00e1gina web. Se suelen emplear para almacenar informaci\u00f3n que solo interesa conservar para la prestaci\u00f3n del servicio solicitado por el usuario en una sola ocasi\u00f3n y desaparecen al terminar la sesi\u00f3n, como por ejemplo una lista de productos adq uiridos.<\/p>\n<p><strong>Cookies Persistentes:<\/strong> son aquellas en las que los datos siguen almacenados en el terminal y pueden ser accedidos y tratados durante un periodo definido por el responsable de la cookie.<\/p>\n<p>Puede obtener m\u00e1s informaci\u00f3n sobre las cookies y su uso en <a href=\"https:\/\/www.aboutcookies.org\" target=\"_blank\" rel=\"noopener\">https:\/\/www.aboutcookies.org<\/a>.<\/p>\n<p>Usted puede permitir o bloquear las Cookies, as\u00ed como borrar los datos de navegaci\u00f3n (incluidas las cookies) desde el navegador que usted utiliza. Consulte las opciones e instrucciones que ofrece su navegador para ello.<\/p>\n<p><strong>Como administrar las cookies desde su navegador<\/strong><\/p>\n<p>Si quiere deshabilitar o eliminar las cookies a trav\u00e9s de la configuraci\u00f3n del navegador, le facilitamos el acceso a los principales navegadores de internet para la configuraci\u00f3n de cookies:<\/p>\n<p>Google Chrome: <a href=\"https:\/\/support.google.com\/chrome\/answer\/95647?hl=es\" target=\"_blank\" rel=\"noopener\">https:\/\/support.google.com\/chrome\/answer\/95647?hl=es<\/a><br \/>\nMozilla Firefox:<a href=\"https:\/\/support.mozilla.org\/es\/kb\/cookies-informacion-que-los-sitios-web-guardan-en-?redirectlocale=en-US&amp;redirectslug=Cookies\" target=\"_blank\" rel=\"noopener\">https:\/\/support.mozilla.org\/es\/kb\/cookies-informacion-que-los-sitios-web-guardan-en-?redirectlocale=en-US&amp;redirectslug=Cookies<\/a><br \/>\nInternet Explorer: <a href=\"https:\/\/support.microsoft.com\/es-es\/help\/278835\/how-to-delete-cookie-files-in-internet-explorer\" target=\"_blank\" rel=\"noopener\">https:\/\/support.microsoft.com\/es-es\/help\/278835\/how-to-delete-cookie-files-in-internet-explorer<\/a><br \/>\nSafari: <a href=\"https:\/\/support.apple.com\/es-es\/HT201265\" target=\"_blank\" rel=\"noopener\">https:\/\/support.apple.com\/es-es\/HT201265<\/a><\/p>\n<p>Para m\u00e1s informaci\u00f3n sobre otros navegadores puedes consultar en <a href=\"https:\/\/www.aboutcookies.org\/how-to-control-cookies\" target=\"_blank\" rel=\"noopener\">https:\/\/www.aboutcookies.org\/how-to-control-cookies<\/a>.<\/p>\n<p><strong>Cookies es dispositivos m\u00f3viles:<\/strong><br \/>\nEl sitio web tambi\u00e9n puede usar cookies u otros dispositivos de almacenamiento en dispositivos m\u00f3viles. Al igual que sucede en los navegadores de ordenadores, lo navegadores de los dispositivos m\u00f3viles permiten realizar cambios en las opciones o ajustes de privacidad para desactivar o eliminar las cookies.<\/p>\n<p>Si desea modificar las opciones de privacidad siga las instrucciones especificadas por el desarrollador de su navegador para dispositivo m\u00f3vil.<\/p>\n<p>A continuaci\u00f3n, podr\u00e1 encontrar algunos ejemplos de los links que le guiar\u00e1n para modificar las opciones de privacidad en su dispositivo m\u00f3vil:<br \/>\nIOS: (<a href=\"http:\/\/goo.gl\/61xevS\" target=\"_blank\" rel=\"noopener\">http:\/\/goo.gl\/61xevS<\/a>)<br \/>\nWindows Phone : ( <a href=\"https:\/\/goo.gl\/tKyb0y\" target=\"_blank\" rel=\"noopener\">https:\/\/goo.gl\/tKyb0y<\/a> )<br \/>\nChrome Mobile : ( <a href=\"http:\/\/goo.gl\/XJp7N\" target=\"_blank\" rel=\"noopener\">http:\/\/goo.gl\/XJp7N<\/a> )<br \/>\nOpera Mobile : ( <a href=\"http:\/\/goo.gl\/Nzr8s7\" target=\"_blank\" rel=\"noopener\">http:\/\/goo.gl\/Nzr8s7<\/a>)<\/p>\n<p>En caso de que se deshabiliten las cookies, algunas funcionalidades de la web podr\u00edan quedar inoperativas.<\/p>\n<p><strong>Cookies usadas en esta web:<\/strong><br \/>\nCookies propias:<br \/>\nEstas cookies son necesarias para el buen funcionamiento de la p\u00e1gina web. El usuario no podr\u00e1 desactivarlas.<\/p>\n<p><strong>Cookies de Terceros:<\/strong><br \/>\nPara conocer las Cookies de terceros piche aqu\u00ed y podr\u00e1 comprobar las cookies que se usan, su finalidad, el tipo que es y su caducidad. Para m\u00e1s informaci\u00f3n podr\u00e1 pichar en los enlaces siguientes:<\/p>\n<p><strong>Cookies de Google:<\/strong><br \/>\nGoogle utiliza cookies para recordar sus preferencias de b\u00fasqueda segura o mostrarle anuncios que sean m\u00e1s relevantes para usted, proteger sus datos o recordar su configuraci\u00f3n.<br \/>\nM\u00e1s informaci\u00f3n sobre las cookies de Google e informaci\u00f3n sobre la privacidad en los siguientes enlaces:<br \/>\n<a href=\"https:\/\/policies.google.com\/technologies\/types?hl=es\" target=\"_blank\" rel=\"noopener\">https:\/\/policies.google.com\/technologies\/types?hl=es<\/a><\/p>\n<p><strong>Cookies de An\u00e1lisis de Google Analitycs:<\/strong><br \/>\nQue monitoriza el comportamiento de los usuarios que visitan la Web utiliza las cookies para analizar los h\u00e1bitos de navegaci\u00f3n de los usuarios que acceden a los sitios web de sus clientes, recopilando informaci\u00f3n de forma an\u00f3nima, sin identificar usuarios individuales.<\/p>\n<p>M\u00e1s informaci\u00f3n sobre las cookies de Google Analytics e informaci\u00f3n sobre la privacidad en los siguientes enlaces:<br \/>\nhttps:\/\/developers.google.com\/analytics\/devguides\/collection\/analyticsjs\/cookie-usage<\/p>\n<p><strong>Cookies de Facebook:<\/strong><br \/>\nEn esta Web es posible que usemos los plugins sociales de Facebook, pudiendo en este caso que su navegador pueda crear una conexi\u00f3n directa con los servidores de Facebook y transmitir los datos (identificador del navegador del usuario) sobre su comportamiento mediante la colocaci\u00f3n de cookies a los servidores de Facebook.<br \/>\nPara m\u00e1s informaci\u00f3n y forma de desactivarlas acudir a los siguientes enlaces: <a href=\"https:\/\/www.facebook.com\/help\/cookies\" target=\"_blank\" rel=\"noopener\">https:\/\/www.facebook.com\/help\/cookies<\/a>; <a href=\"https:\/\/www.facebook.com\/about\/privacy\/cookies\" target=\"_blank\" rel=\"noopener\">https:\/\/www.facebook.com\/about\/privacy\/cookies<\/a>.<\/p>\n<p><strong>Cookies de Twitter:<\/strong><br \/>\nEn esta Web es posible que usemos los plugins sociales de Twitter, gestionada por Twitter Inc. 795 Folsom Street, Suite 600, San Francisco, CA 94107, EE.UU. pudiendo en este caso que su navegador pueda crear una conexi\u00f3n directa con los servidores de Twitter y transmitir los datos sobre su comportamiento mediante la colocaci\u00f3n de cookies a los servidores de Twitter.<br \/>\nPara m\u00e1s informaci\u00f3n y forma de desactivarlas: <a href=\"https:\/\/support.twitter.com\/articles\/20170514\" target=\"_blank\" rel=\"noopener\">https:\/\/support.twitter.com\/articles\/20170514<\/a>.<\/p>\n<p><strong>Cookies de Instagram:<\/strong><br \/>\nEn esta Web es posible que al conectarse con el servidor de Instragram se usen los plugins sociales, y transmitir los datos (identificador del navegador del usuario) sobre su comportamiento mediante la colocaci\u00f3n de cookies a los servidores de Instagram.<br \/>\nPara m\u00e1s informaci\u00f3n y forma de desactivarlas:<br \/>\n<a href=\"https:\/\/help.instagram.com\/1896641480634370?ref=ig\" target=\"_blank\" rel=\"noopener\">https:\/\/help.instagram.com\/1896641480634370?ref=ig<\/a><\/p>\n<p><strong>Cookies de Youtube:<\/strong><br \/>\nEn esta Web es posible conectarse con el servidor de Youtube, la entidad que presta el servicio es Google Ireland Limited. La informaci\u00f3n sobre la privacidad en los siguientes enlaces:<br \/>\n<a href=\"https:\/\/policies.google.com\/technologies\/types?hl=es\" target=\"_blank\" rel=\"noopener\">https:\/\/policies.google.com\/technologies\/types?hl=es<\/a><\/p>\n<p><strong>Fecha de \u00faltima revisi\u00f3n: Mayo de 2.023.<\/strong><br \/>\n[\/vc_column_text][\/vc_column][\/vc_row]<\/p>\n<\/div>","protected":false},"excerpt":{"rendered":"<p>[vc_row][vc_column][vc_empty_space alter_height=\u00bbmedium\u00bb hide_on_mobile=\u00bb\u00bb][vc_single_image image=\u00bb8761&#8243; img_size=\u00bb800&#215;300&#8243; style=\u00bbvc_box_outline\u00bb border_color=\u00bbblue\u00bb css_animation=\u00bbfadeIn\u00bb][vc_empty_space alter_height=\u00bbmedium\u00bb hide_on_mobile=\u00bb\u00bb][\/vc_column][\/vc_row][vc_row][vc_column width=\u00bb5\/6&#8243; offset=\u00bbvc_col-xs-12&#8243;][vc_column_text]Responsable: Mark Alexander Chinnick, con N.I.E.: X-5857807-Y Tel\u00e9fono: 652 725104. E-mail: info@andaluciansky.com COOKIES Este sitio Web utiliza cookies y\/o tecnolog\u00edas similares que almacenan y recuperan informaci\u00f3n cuando navegas. En general estas tecnolog\u00edas pueden servir para finalidades muy diversas como&hellip;<\/p>\n","protected":false},"author":1,"featured_media":0,"parent":0,"menu_order":0,"comment_status":"closed","ping_status":"closed","template":"","meta":{"footnotes":""},"class_list":["post-14509","page","type-page","status-publish","hentry"],"_links":{"self":[{"href":"https:\/\/www.andaluciansky.com\/es\/wp-json\/wp\/v2\/pages\/14509","targetHints":{"allow":["GET"]}}],"collection":[{"href":"https:\/\/www.andaluciansky.com\/es\/wp-json\/wp\/v2\/pages"}],"about":[{"href":"https:\/\/www.andaluciansky.com\/es\/wp-json\/wp\/v2\/types\/page"}],"author":[{"embeddable":true,"href":"https:\/\/www.andaluciansky.com\/es\/wp-json\/wp\/v2\/users\/1"}],"replies":[{"embeddable":true,"href":"https:\/\/www.andaluciansky.com\/es\/wp-json\/wp\/v2\/comments?post=14509"}],"version-history":[{"count":0,"href":"https:\/\/www.andaluciansky.com\/es\/wp-json\/wp\/v2\/pages\/14509\/revisions"}],"wp:attachment":[{"href":"https:\/\/www.andaluciansky.com\/es\/wp-json\/wp\/v2\/media?parent=14509"}],"curies":[{"name":"wp","href":"https:\/\/api.w.org\/{rel}","templated":true}]}}